{"id":3554,"date":"2024-08-09T09:51:15","date_gmt":"2024-08-09T09:51:15","guid":{"rendered":"https:\/\/futurtron.fr\/?post_type=product&#038;p=3554"},"modified":"2025-03-13T08:20:30","modified_gmt":"2025-03-13T08:20:30","slug":"scb-12v-150ah-pro","status":"publish","type":"product","link":"https:\/\/futurtron.fr\/it\/product\/scb-12v-150ah-pro\/","title":{"rendered":"SCB-12V- 150AH PRO"},"content":{"rendered":"","protected":false},"excerpt":{"rendered":"<p><strong><span style=\"vertical-align: inherit;\"><span style=\"vertical-align: inherit;\">Rispetto alle batterie tradizionali, le nostre <\/span><\/span><\/strong><br \/>\n<strong><span style=\"vertical-align: inherit;\"><span style=\"vertical-align: inherit;\">lithium iron phosphate batteries (LiFePO4) have many advantages:<\/span><\/span><\/strong><\/p>\n<p><span style=\"vertical-align: inherit;\"><span style=\"vertical-align: inherit;\">Garanzia del produttore di 5 anni <\/span><\/span><br \/>\n<span style=\"vertical-align: inherit;\"><span style=\"vertical-align: inherit;\">La technologie la plus s\u00fbre, sans risque d&#8217;incendie ni d&#8217;explosion <\/span><\/span><br \/>\n<span style=\"vertical-align: inherit;\"><span style=\"vertical-align: inherit;\">Lunga aspettativa di vita <\/span><\/span><br \/>\n<span style=\"vertical-align: inherit;\"><span style=\"vertical-align: inherit;\">Miglioramento costante della capacit\u00e0 di archiviazione <\/span><\/span><br \/>\n<span style=\"vertical-align: inherit;\"><span style=\"vertical-align: inherit;\">Elevata stabilit\u00e0 anche sotto carichi estremi <\/span><\/span><br \/>\n<span style=\"vertical-align: inherit;\"><span style=\"vertical-align: inherit;\">Pas d&#8217;effet m\u00e9moire, pas besoin de cycles complets de charge et de d\u00e9charge <\/span><\/span><br \/>\n<span style=\"vertical-align: inherit;\"><span style=\"vertical-align: inherit;\">Alte prestazioni anche in condizioni estreme <\/span><\/span><br \/>\n<span style=\"vertical-align: inherit;\"><span style=\"vertical-align: inherit;\">Efficienza di scarica e carica profonda e uniforme <\/span><\/span><br \/>\n<span style=\"vertical-align: inherit;\"><span style=\"vertical-align: inherit;\">Piccole dimensioni e peso elevato<\/span><\/span><\/p>\n<p><strong><span style=\"vertical-align: inherit;\"><span style=\"vertical-align: inherit;\">Sistema di gestione della batteria integrato (BMS)<\/span><\/span><\/strong><\/p>\n<p><span style=\"vertical-align: inherit;\"><span style=\"vertical-align: inherit;\">Permettre le contr\u00f4le et la charge des diff\u00e9rents \u00e9l\u00e9ments d&#8217;une batterie d&#8217;accumulateurs et la prot\u00e9ger contre les surcharges, les surtensions.<\/span><\/span><\/p>\n<p>\ud83d\udc49<strong><a href=\"https:\/\/futurtron.fr\/wp-content\/uploads\/2024\/11\/DATASHEET-SCB-12-150PRO-FR-1.pdf\">DATASHEET SCB-12-150PRO-FR<\/a><\/strong><\/p>\n<p>\ud83d\udc49<strong><a href=\"https:\/\/futurtron.fr\/wp-content\/uploads\/2024\/08\/DATASHEET-SCB-12-150PRO-EN.pdf\">DATASHEET SCB-12-150PRO-EN<\/a><\/strong><\/p>","protected":false},"featured_media":3559,"comment_status":"open","ping_status":"closed","template":"","meta":[],"product_brand":[],"product_cat":[55],"product_tag":[],"class_list":{"0":"post-3554","1":"product","2":"type-product","3":"status-publish","4":"has-post-thumbnail","6":"product_cat-12v-lifepo4-batteries","7":"stm_brands-supcelion","9":"first","10":"instock","11":"shipping-taxable","12":"purchasable","13":"product-type-simple"},"acf":[],"_links":{"self":[{"href":"https:\/\/futurtron.fr\/it\/wp-json\/wp\/v2\/product\/3554","targetHints":{"allow":["GET"]}}],"collection":[{"href":"https:\/\/futurtron.fr\/it\/wp-json\/wp\/v2\/product"}],"about":[{"href":"https:\/\/futurtron.fr\/it\/wp-json\/wp\/v2\/types\/product"}],"replies":[{"embeddable":true,"href":"https:\/\/futurtron.fr\/it\/wp-json\/wp\/v2\/comments?post=3554"}],"version-history":[{"count":1,"href":"https:\/\/futurtron.fr\/it\/wp-json\/wp\/v2\/product\/3554\/revisions"}],"predecessor-version":[{"id":3612,"href":"https:\/\/futurtron.fr\/it\/wp-json\/wp\/v2\/product\/3554\/revisions\/3612"}],"wp:featuredmedia":[{"embeddable":true,"href":"https:\/\/futurtron.fr\/it\/wp-json\/wp\/v2\/media\/3559"}],"wp:attachment":[{"href":"https:\/\/futurtron.fr\/it\/wp-json\/wp\/v2\/media?parent=3554"}],"wp:term":[{"taxonomy":"product_brand","embeddable":true,"href":"https:\/\/futurtron.fr\/it\/wp-json\/wp\/v2\/product_brand?post=3554"},{"taxonomy":"product_cat","embeddable":true,"href":"https:\/\/futurtron.fr\/it\/wp-json\/wp\/v2\/product_cat?post=3554"},{"taxonomy":"product_tag","embeddable":true,"href":"https:\/\/futurtron.fr\/it\/wp-json\/wp\/v2\/product_tag?post=3554"}],"curies":[{"name":"wp","href":"https:\/\/api.w.org\/{rel}","templated":true}]}}