{"id":3218,"date":"2024-03-05T10:50:46","date_gmt":"2024-03-05T10:50:46","guid":{"rendered":"https:\/\/futurtron.fr\/?post_type=product&#038;p=3218"},"modified":"2025-03-12T03:16:52","modified_gmt":"2025-03-12T03:16:52","slug":"scb-24v-100ah","status":"publish","type":"product","link":"https:\/\/futurtron.fr\/it\/product\/scb-24v-100ah\/","title":{"rendered":"SCB-24V-100AH PRO"},"content":{"rendered":"","protected":false},"excerpt":{"rendered":"<p><strong>Rispetto alle batterie tradizionali, le nostre<\/strong><br \/>\n<strong>lithium iron phosphate batteries (LiFePO4) have many advantages:<\/strong><\/p>\n<p>Garanzia del produttore di 5 anni<br \/>\nLa technologie la plus s\u00fbre, sans risque d&#8217;incendie ni d&#8217;explosion<br \/>\nLunga aspettativa di vita<br \/>\nMiglioramento costante della capacit\u00e0 di archiviazione<br \/>\nElevata stabilit\u00e0 anche sotto carichi estremi<br \/>\nPas d&#8217;effet m\u00e9moire, pas besoin de cycles complets de charge et de d\u00e9charge<br \/>\nAlte prestazioni anche in condizioni estreme<br \/>\nEfficienza di scarica e carica profonda e uniforme<br \/>\n<strong>Piccole dimensioni e peso elevato<\/strong><\/p>\n<p><strong>Sistema di gestione della batteria integrato (BMS)<\/strong><\/p>\n<p>Permettre le contr\u00f4le et la charge des diff\u00e9rents \u00e9l\u00e9ments d&#8217;une batterie d&#8217;accumulateurs et la prot\u00e9ger contre les surcharges, les surtensions.<\/p>\n<p><strong><a href=\"https:\/\/futurtron.fr\/wp-content\/uploads\/2024\/03\/DATASHEET-SCB-24-100PRO-EN.pdf\">\ud83d\udc49<\/a><a href=\"https:\/\/futurtron.fr\/wp-content\/uploads\/2024\/11\/DATASHEET-SCB-24-100PRO-FR.pdf\">DATASHEET SCB-24-100PRO-FR<\/a><\/strong><\/p>\n<p><strong><a href=\"https:\/\/futurtron.fr\/wp-content\/uploads\/2024\/03\/DATASHEET-SCB-24-100PRO-EN.pdf\">\ud83d\udc49DATASHEET SCB-24-100PRO-EN<\/a><\/strong><\/p>","protected":false},"featured_media":3587,"comment_status":"open","ping_status":"closed","template":"","meta":[],"product_brand":[],"product_cat":[56],"product_tag":[],"class_list":{"0":"post-3218","1":"product","2":"type-product","3":"status-publish","4":"has-post-thumbnail","6":"product_cat-24v-lifepo4-batteries","8":"first","9":"instock","10":"shipping-taxable","11":"purchasable","12":"product-type-simple"},"acf":[],"_links":{"self":[{"href":"https:\/\/futurtron.fr\/it\/wp-json\/wp\/v2\/product\/3218","targetHints":{"allow":["GET"]}}],"collection":[{"href":"https:\/\/futurtron.fr\/it\/wp-json\/wp\/v2\/product"}],"about":[{"href":"https:\/\/futurtron.fr\/it\/wp-json\/wp\/v2\/types\/product"}],"replies":[{"embeddable":true,"href":"https:\/\/futurtron.fr\/it\/wp-json\/wp\/v2\/comments?post=3218"}],"version-history":[{"count":1,"href":"https:\/\/futurtron.fr\/it\/wp-json\/wp\/v2\/product\/3218\/revisions"}],"predecessor-version":[{"id":3582,"href":"https:\/\/futurtron.fr\/it\/wp-json\/wp\/v2\/product\/3218\/revisions\/3582"}],"wp:featuredmedia":[{"embeddable":true,"href":"https:\/\/futurtron.fr\/it\/wp-json\/wp\/v2\/media\/3587"}],"wp:attachment":[{"href":"https:\/\/futurtron.fr\/it\/wp-json\/wp\/v2\/media?parent=3218"}],"wp:term":[{"taxonomy":"product_brand","embeddable":true,"href":"https:\/\/futurtron.fr\/it\/wp-json\/wp\/v2\/product_brand?post=3218"},{"taxonomy":"product_cat","embeddable":true,"href":"https:\/\/futurtron.fr\/it\/wp-json\/wp\/v2\/product_cat?post=3218"},{"taxonomy":"product_tag","embeddable":true,"href":"https:\/\/futurtron.fr\/it\/wp-json\/wp\/v2\/product_tag?post=3218"}],"curies":[{"name":"wp","href":"https:\/\/api.w.org\/{rel}","templated":true}]}}