{"id":3187,"date":"2024-03-05T10:17:52","date_gmt":"2024-03-05T10:17:52","guid":{"rendered":"https:\/\/futurtron.fr\/?post_type=product&#038;p=3187"},"modified":"2024-03-05T10:17:52","modified_gmt":"2024-03-05T10:17:52","slug":"convertisseur-dc-dc-12v-12v-9a-isole-orion-110w-tr","status":"publish","type":"product","link":"https:\/\/futurtron.fr\/it\/product\/convertisseur-dc-dc-12v-12v-9a-isole-orion-110w-tr\/","title":{"rendered":"Convertisseur DC-DC 12V-12V 9A isol\u00e9 Orion (110W) Tr"},"content":{"rendered":"<h5>Convertisseur DC-DC 12V-12V 9A isol\u00e9 Orion (110W) Tr<\/h5>\n<h5>Remote on-off<\/h5>\n<p>La sortie \u00ab Remote On-Off \u00bb dispense de la n\u00e9cessit\u00e9 d\u2019un interrupteur de fort courant dans le c\u00e2blage d\u2019entr\u00e9e. Cette fonction peut \u00eatre actionn\u00e9e par un interrupteur de faible puissance ou par exemple, par l\u2019interrupteur \u00abmarche\/arr\u00eat \u00bb du moteur (voir le manuel d\u2019utilisation).<\/p>\n<h5>Tension de sortie r\u00e9glable : peut \u00eatre utilis\u00e9 comme chargeur de batterie<\/h5>\n<p>Par exemple pour charger une batterie de d\u00e9marrage ou de servitude de 12 V dans un syst\u00e8me de 24 V.<br \/>\nTous les mod\u00e8les sont prot\u00e9g\u00e9s contre les courts-circuit et peuvent \u00eatre mis en parall\u00e8le pour augmenter le courant de sortie.<br \/>\nUn nombre illimit\u00e9 d\u2019unit\u00e9 peut \u00eatre mis en parall\u00e8le.<\/p>\n<h5>Protection contre les temp\u00e9ratures \u00e9lev\u00e9es<\/h5>\n<p>Le courant de sortie se r\u00e9duira en cas de temp\u00e9rature ambiante \u00e9lev\u00e9e.<\/p>\n<h5>Protection en IP43<\/h5>\n<p>Protection en IP43 si l\u2019unit\u00e9 est dispos\u00e9e le bornier en bas.<\/p>\n<h5>Bornier de connexion<\/h5>\n<p>Aucun outillage sp\u00e9cial est n\u00e9cessaire pour l\u2019installation.<\/p>\n<h5>Fusible interne<\/h5>\n<p>Sur les mod\u00e8le 12 V et 24 V seulement.<\/p>\n<p>&nbsp;<\/p>\n<h4>Fiche technique<\/h4>\n<table id=\"test-bg\" width=\"902\">\n<tbody>\n<tr>\n<td><span class=\"sp-label\">Plage de tension d\u2019Entr\u00e9e<\/span><\/td>\n<td>\n<div class=\"sp-row\">\n<div class=\"sp-row\">\n<div class=\"sp-row\">\n<div class=\"sp-row\">\n<div class=\"sp-row\"><span class=\"sp-value\">8V \u2013 17V<\/span><\/div>\n<\/div>\n<\/div>\n<\/div>\n<\/div>\n<\/td>\n<\/tr>\n<tr>\n<td><span class=\"sp-label\">Seuil de sous-tension de d\u00e9connexion<\/span><\/td>\n<td>\n<div class=\"sp-row\">\n<div class=\"sp-row\">7V<\/div>\n<\/div>\n<\/td>\n<\/tr>\n<tr>\n<td><span class=\"sp-label\">Seuil de sous-tension de reconnexion<\/span><\/td>\n<td>\n<div class=\"sp-row\">7.5V<\/div>\n<\/td>\n<\/tr>\n<tr>\n<td><span class=\"sp-label\">Tension de sortie nominale<\/span><\/td>\n<td>\n<div class=\"sp-row\">\n<div class=\"sp-row\"><span class=\"sp-value\">12.2V<\/span><\/div>\n<\/div>\n<\/td>\n<\/tr>\n<tr>\n<td><span class=\"sp-label\">Plage de tension de sortie<\/span><\/td>\n<td>\n<div class=\"sp-row\">\n<div class=\"sp-row\">\n<div class=\"sp-row\">\n<div class=\"sp-row\"><span class=\"sp-value\">10V \u2013 15V<\/span><\/div>\n<\/div>\n<\/div>\n<\/div>\n<\/td>\n<\/tr>\n<tr>\n<td><span class=\"sp-label\">Tol\u00e9rance de tension de sortie<\/span><\/td>\n<td>\n<div class=\"sp-row\"><span class=\"sp-value\">+\/- 0.2 V<\/span><\/div>\n<\/td>\n<\/tr>\n<tr>\n<td><span class=\"sp-label\">Bruit de sortie<\/span><\/td>\n<td>\n<div class=\"sp-row\">\n<div class=\"sp-row\">\n<div class=\"sp-row\">\n<div class=\"sp-row\"><span class=\"sp-value\">2 mV rms<\/span><\/div>\n<\/div>\n<\/div>\n<\/div>\n<\/td>\n<\/tr>\n<tr>\n<td><span class=\"sp-label\">Courant de sortie continu<\/span><\/td>\n<td>\n<div class=\"sp-row\">\n<div class=\"sp-row\">9A<\/div>\n<\/div>\n<\/td>\n<\/tr>\n<tr>\n<td><span class=\"sp-label\">Courant de sortie maximum<\/span><\/td>\n<td>\n<div class=\"sp-row\">\n<div class=\"sp-row\">12.5A<\/div>\n<\/div>\n<\/td>\n<\/tr>\n<tr>\n<td><span class=\"sp-label\">Courant de court-circuit de sortie<\/span><\/td>\n<td>\n<div class=\"sp-row\">\n<div class=\"sp-row\"><span class=\"sp-value\">32A<\/span><\/div>\n<\/div>\n<\/td>\n<\/tr>\n<tr>\n<td><span class=\"sp-label\">Puissance de sortie \u00e0 25<\/span><\/td>\n<td>\n<div class=\"sp-row\">\n<div class=\"sp-row\">\n<div class=\"sp-row\">110W<\/div>\n<\/div>\n<\/div>\n<\/td>\n<\/tr>\n<tr>\n<td><span class=\"sp-label\">Puissance de sortie \u00e0 40 \u00b0C<\/span><\/td>\n<td>\n<div class=\"sp-row\">85W<\/div>\n<\/td>\n<\/tr>\n<tr>\n<td>Rendement<\/td>\n<td>\n<div class=\"sp-row\">\n<div class=\"sp-row\"><span class=\"sp-value\">87%<\/span><\/div>\n<\/div>\n<\/td>\n<\/tr>\n<tr>\n<td><span class=\"sp-label\">Isolement galvanique<\/span><\/td>\n<td>\n<div class=\"sp-row\">\n<div class=\"sp-row\">\n<div class=\"sp-row\"><span class=\"sp-value\">Isol\u00e9<\/span><\/div>\n<\/div>\n<\/div>\n<\/td>\n<\/tr>\n<tr>\n<td><span class=\"sp-label\">Plage de temp\u00e9rature<\/span><\/td>\n<td>\n<div class=\"sp-row\"><span class=\"sp-value\">-20\u00b0C \u2013 55\u00b0C<\/span><\/div>\n<\/td>\n<\/tr>\n<tr>\n<td><span class=\"sp-label\">Humidit\u00e9<\/span><\/td>\n<td>\n<div class=\"sp-row\"><span class=\"sp-value\">95%<\/span><\/div>\n<\/td>\n<\/tr>\n<tr>\n<td><span class=\"sp-label\">Hors courant de charge<\/span><\/td>\n<td>\n<div class=\"sp-row\">\n<div class=\"sp-row\"><span class=\"sp-value\">&lt; 50 mA<\/span><\/div>\n<\/div>\n<\/td>\n<\/tr>\n<tr>\n<td><span class=\"sp-label\">Connexion DC<\/span><\/td>\n<td>\n<div class=\"sp-row\"><span class=\"sp-value\">par bornier<\/span><\/div>\n<\/td>\n<\/tr>\n<tr>\n<td><span class=\"sp-label\">Dimensions (H x L x P)<\/span><\/td>\n<td>\n<div class=\"sp-row\"><span class=\"sp-value\">100 x 113 x 47 mm<\/span><\/div>\n<\/td>\n<\/tr>\n<tr>\n<td><span class=\"sp-label\">Poids net<\/span><\/td>\n<td>0.42<\/td>\n<\/tr>\n<tr>\n<td>Garantie Constructeur<\/td>\n<td>\n<div class=\"sp-row\"><span class=\"sp-value\">5 ans<\/span><\/div>\n<\/td>\n<\/tr>\n<tr>\n<td>Certificats<\/td>\n<td>\n<div class=\"specification\">\n<div class=\"sp-group\">\n<div class=\"sp-row\">\n<div class=\"specification\">\n<div class=\"sp-group\">\n<div class=\"sp-row\"><span class=\"sp-value\">EN 60950 EN 61000-6-3, EN 55014-1 EN 61000-6-2, EN 61000-6-1, EN 55014-2<\/span><\/div>\n<\/div>\n<\/div>\n<\/div>\n<\/div>\n<\/div>\n<\/td>\n<\/tr>\n<\/tbody>\n<\/table>","protected":false},"excerpt":{"rendered":"<p>\u2013 Tension de sortie r\u00e9glable : peut \u00eatre utilis\u00e9 comme chargeur de batterie<\/p>\n<p>\u2013 Tous les mod\u00e8les sont prot\u00e9g\u00e9s contre les courts-circuit<\/p>\n<p>\u2013 Protection contre les temp\u00e9ratures \u00e9lev\u00e9es<\/p>","protected":false},"featured_media":3188,"comment_status":"open","ping_status":"closed","template":"","meta":[],"product_brand":[],"product_cat":[65],"product_tag":[],"class_list":{"0":"post-3187","1":"product","2":"type-product","3":"status-publish","4":"has-post-thumbnail","6":"product_cat-convertisseur-cc","8":"first","9":"instock","10":"shipping-taxable","11":"product-type-simple"},"acf":[],"_links":{"self":[{"href":"https:\/\/futurtron.fr\/it\/wp-json\/wp\/v2\/product\/3187","targetHints":{"allow":["GET"]}}],"collection":[{"href":"https:\/\/futurtron.fr\/it\/wp-json\/wp\/v2\/product"}],"about":[{"href":"https:\/\/futurtron.fr\/it\/wp-json\/wp\/v2\/types\/product"}],"replies":[{"embeddable":true,"href":"https:\/\/futurtron.fr\/it\/wp-json\/wp\/v2\/comments?post=3187"}],"version-history":[{"count":0,"href":"https:\/\/futurtron.fr\/it\/wp-json\/wp\/v2\/product\/3187\/revisions"}],"wp:featuredmedia":[{"embeddable":true,"href":"https:\/\/futurtron.fr\/it\/wp-json\/wp\/v2\/media\/3188"}],"wp:attachment":[{"href":"https:\/\/futurtron.fr\/it\/wp-json\/wp\/v2\/media?parent=3187"}],"wp:term":[{"taxonomy":"product_brand","embeddable":true,"href":"https:\/\/futurtron.fr\/it\/wp-json\/wp\/v2\/product_brand?post=3187"},{"taxonomy":"product_cat","embeddable":true,"href":"https:\/\/futurtron.fr\/it\/wp-json\/wp\/v2\/product_cat?post=3187"},{"taxonomy":"product_tag","embeddable":true,"href":"https:\/\/futurtron.fr\/it\/wp-json\/wp\/v2\/product_tag?post=3187"}],"curies":[{"name":"wp","href":"https:\/\/api.w.org\/{rel}","templated":true}]}}