{"id":3122,"date":"2024-02-28T09:30:55","date_gmt":"2024-02-28T09:30:55","guid":{"rendered":"https:\/\/futurtron.fr\/?post_type=product&#038;p=3122"},"modified":"2024-05-06T10:23:34","modified_gmt":"2024-05-06T10:23:34","slug":"batterie-50ah-12-8v-lithium-smart","status":"publish","type":"product","link":"https:\/\/futurtron.fr\/it\/product\/batterie-50ah-12-8v-lithium-smart\/","title":{"rendered":"Batterie 50Ah 12.8V LiTHIUM-Smart"},"content":{"rendered":"<h5>Lithium Battery Smart 12,8V<\/h5>\n<p>Une batterie au plomb tombera en panne pr\u00e9matur\u00e9ment \u00e0 cause de la sulfatation :<br \/>\n\u2022 Si elle fonctionne en mode d\u00e9ficitaire pendant de longues p\u00e9riodes (c\u2019est \u00e0 dire que la batterie est rarement ou jamais<br \/>\nenti\u00e8rement charg\u00e9e).<br \/>\n\u2022 Si elle est laiss\u00e9e partiellement charg\u00e9e, ou pire, enti\u00e8rement d\u00e9charg\u00e9e (pour des yachts ou mobile-homes au cours de<br \/>\nl\u2019hiver).<br \/>\nUne batterie LFP :<br \/>\n\u2022 Ne n\u00e9cessite pas d\u2019\u00eatre enti\u00e8rement charg\u00e9e. La dur\u00e9e de vie s\u2019am\u00e9liore m\u00eame l\u00e9g\u00e8rement en cas de charge partielle au lieu<br \/>\nd\u2019une charge compl\u00e8te. Cela repr\u00e9sente un avantage majeur de la batterie LFP par rapport \u00e0 la batterie au plomb.<br \/>\n\u2022 Ces batteries pr\u00e9sentent d\u2019autres avantages tels qu\u2019une large plage de temp\u00e9rature d\u2019exploitation, une performance<br \/>\nexcellente d\u2019accomplissement de cycle, une r\u00e9sistance interne faible et une efficacit\u00e9 \u00e9lev\u00e9e (voir ci-dessous).<br \/>\nUne batterie LFP est donc la chimie de premier choix pour des applications exigeante<\/p>\n<h5>Syst\u00e8me de gestion de batterie (BMS)<br \/>\nLe BMS :<\/h5>\n<p>1. D\u00e9clenche une pr\u00e9alarme d\u00e8s que la tension d\u2019une cellule de batterie chute en dessous de 3,1V (param\u00e8tre r\u00e9glable entre 2,85 et 3,15V).<\/p>\n<p>2. D\u00e9connecte ou \u00e9teint le consommateur chaque fois que la tension d\u2019une cellule de batterie chute en dessous de 2,8V (param\u00e8tre r\u00e9glable entre 2,6 et 2,8V).<\/p>\n<p>3. Arr\u00eate le processus de charge chaque fois que la tension d\u2019une cellule de batterie d\u00e9passe 3,75V ou que la temp\u00e9rature devient trop \u00e9lev\u00e9e ou trop basse.<\/p>\n<p>&nbsp;<\/p>\n<h4 class=\"title-block\">Fiche technique<\/h4>\n<table id=\"test-bg\" width=\"100%\">\n<tbody>\n<tr>\n<td>Type de batterie<\/td>\n<td>LiTHIUM<\/td>\n<\/tr>\n<tr>\n<td>Tension nominale<\/td>\n<td>12.8V<\/td>\n<\/tr>\n<tr>\n<td>Capacit\u00e9 nominale<\/td>\n<td>50Ah<\/td>\n<\/tr>\n<tr>\n<td>Capacit\u00e9 nominale 25\u00b0C<\/td>\n<td>40Ah<\/td>\n<\/tr>\n<tr>\n<td>Capacit\u00e9 nominale 0\u00b0C<\/td>\n<td>25Ah<\/td>\n<\/tr>\n<tr>\n<td>\u00c9nergie nominale 25\u00b0C<\/td>\n<td>640Ah<\/td>\n<\/tr>\n<tr>\n<td>Connexion du BMS<\/td>\n<td>C\u00e2ble m\u00e2le + femelle avec un connecteur circulaire M8 d\u2019une longueur de 50 cm.<\/td>\n<\/tr>\n<tr>\n<td>Tension de charge<\/td>\n<td>Entre 14V \/ 28V et 14.4V \/ 28.8V (14.2V \/ 28.4V recommand\u00e9)<\/td>\n<\/tr>\n<tr>\n<td>Tension float<\/td>\n<td>13.5V \/ 27V<\/td>\n<\/tr>\n<tr>\n<td>Courant de charge recommand\u00e9<\/td>\n<td>\u226430 A<\/td>\n<\/tr>\n<tr>\n<td>Courant de charge max.<\/td>\n<td>100A<\/td>\n<\/tr>\n<tr>\n<td>Courant de d\u00e9charge max.<\/td>\n<td>100A<\/td>\n<\/tr>\n<tr>\n<td>Dur\u00e9e de vie \u00e0 d\u00e9charge 80%<\/td>\n<td>2500 cycles<\/td>\n<\/tr>\n<tr>\n<td>Dur\u00e9e de vie \u00e0 d\u00e9charge 50%<\/td>\n<td>5000 cycles<\/td>\n<\/tr>\n<tr>\n<td>Borne<\/td>\n<td>M8<\/td>\n<\/tr>\n<tr>\n<td>Temp\u00e9rature de charge<\/td>\n<td>+5\u00b0C \u00a0\u00e0 +50\u00b0C<\/td>\n<\/tr>\n<tr>\n<td>Temp\u00e9rature de d\u00e9charge<\/td>\n<td>-20\u00b0C\u00a0\u00e0 +50\u00b0C<\/td>\n<\/tr>\n<tr>\n<td>Temp\u00e9rature de stockage<\/td>\n<td>-45\u00b0C \u00e0+70\u00b0C<\/td>\n<\/tr>\n<tr>\n<td>Humidit\u00e9<\/td>\n<td>95%<\/td>\n<\/tr>\n<tr>\n<td>Dimensions (H x L x P)<\/td>\n<td>199 x 188 x 147 mm<\/td>\n<\/tr>\n<tr>\n<td>Poids net<\/td>\n<td>7 kg<\/td>\n<\/tr>\n<tr>\n<td>Garantie Constructeur<\/td>\n<td>3 ans<\/td>\n<\/tr>\n<tr>\n<td>Certificats<\/td>\n<td>CE<\/td>\n<\/tr>\n<\/tbody>\n<\/table>","protected":false},"excerpt":{"rendered":"<p>Taille et poids<\/p>\n<p>\u2022 70 % de gain de place.<\/p>\n<p>\u2022 70 % de gain de poids.<\/p>","protected":false},"featured_media":3123,"comment_status":"open","ping_status":"closed","template":"","meta":[],"product_brand":[],"product_cat":[55],"product_tag":[],"class_list":{"0":"post-3122","1":"product","2":"type-product","3":"status-publish","4":"has-post-thumbnail","6":"product_cat-12v-lifepo4-batteries","8":"first","9":"instock","10":"shipping-taxable","11":"purchasable","12":"product-type-simple"},"acf":[],"_links":{"self":[{"href":"https:\/\/futurtron.fr\/it\/wp-json\/wp\/v2\/product\/3122","targetHints":{"allow":["GET"]}}],"collection":[{"href":"https:\/\/futurtron.fr\/it\/wp-json\/wp\/v2\/product"}],"about":[{"href":"https:\/\/futurtron.fr\/it\/wp-json\/wp\/v2\/types\/product"}],"replies":[{"embeddable":true,"href":"https:\/\/futurtron.fr\/it\/wp-json\/wp\/v2\/comments?post=3122"}],"version-history":[{"count":0,"href":"https:\/\/futurtron.fr\/it\/wp-json\/wp\/v2\/product\/3122\/revisions"}],"wp:featuredmedia":[{"embeddable":true,"href":"https:\/\/futurtron.fr\/it\/wp-json\/wp\/v2\/media\/3123"}],"wp:attachment":[{"href":"https:\/\/futurtron.fr\/it\/wp-json\/wp\/v2\/media?parent=3122"}],"wp:term":[{"taxonomy":"product_brand","embeddable":true,"href":"https:\/\/futurtron.fr\/it\/wp-json\/wp\/v2\/product_brand?post=3122"},{"taxonomy":"product_cat","embeddable":true,"href":"https:\/\/futurtron.fr\/it\/wp-json\/wp\/v2\/product_cat?post=3122"},{"taxonomy":"product_tag","embeddable":true,"href":"https:\/\/futurtron.fr\/it\/wp-json\/wp\/v2\/product_tag?post=3122"}],"curies":[{"name":"wp","href":"https:\/\/api.w.org\/{rel}","templated":true}]}}