{"id":3270,"date":"2024-03-18T03:14:22","date_gmt":"2024-03-18T03:14:22","guid":{"rendered":"https:\/\/futurtron.fr\/?page_id=3270"},"modified":"2025-01-17T08:10:16","modified_gmt":"2025-01-17T08:10:16","slug":"droit-de-retractation","status":"publish","type":"page","link":"https:\/\/futurtron.fr\/it\/droit-de-retractation\/","title":{"rendered":"Diritto di ritrattazione"},"content":{"rendered":"<div data-elementor-type=\"wp-page\" data-elementor-id=\"3270\" class=\"elementor elementor-3270\" data-elementor-post-type=\"page\">\n\t\t\t\t\t\t<section class=\"elementor-section elementor-top-section elementor-element elementor-element-8bd874 elementor-section-boxed elementor-section-height-default elementor-section-height-default\" data-id=\"8bd874\" data-element_type=\"section\" data-e-type=\"section\">\n\t\t\t\t\t\t<div class=\"elementor-container elementor-column-gap-default\">\n\t\t\t\t\t<div class=\"elementor-column elementor-col-100 elementor-top-column elementor-element elementor-element-4888d330\" data-id=\"4888d330\" data-element_type=\"column\" data-e-type=\"column\">\n\t\t\t<div class=\"elementor-widget-wrap elementor-element-populated\">\n\t\t\t\t\t\t<div class=\"elementor-element elementor-element-1a47c901 elementor-widget elementor-widget-heading\" data-id=\"1a47c901\" data-element_type=\"widget\" data-e-type=\"widget\" data-widget_type=\"heading.default\">\n\t\t\t\t\t<p class=\"elementor-heading-title elementor-size-default elementor-heading-title\">Diritto di ritrattazione<\/p>\t\t\t\t<\/div>\n\t\t\t\t<div class=\"elementor-element elementor-element-227e5b32 elementor-widget elementor-widget-heading\" data-id=\"227e5b32\" data-element_type=\"widget\" data-e-type=\"widget\" data-widget_type=\"heading.default\">\n\t\t\t\t\t<p class=\"elementor-heading-title elementor-size-default elementor-heading-title\">1. Ambito<\/p>\t\t\t\t<\/div>\n\t\t\t\t<div class=\"elementor-element elementor-element-20a138cb elementor-widget elementor-widget-text-editor\" data-id=\"20a138cb\" data-element_type=\"widget\" data-e-type=\"widget\" data-widget_type=\"text-editor.default\">\n\t\t\t\t\t\t\t\t\t<p>Avete il diritto di rescindere dal presente contratto entro quattordici giorni senza fornire alcuna motivazione. Il periodo di rescissione \u00e8 di quattordici giorni dal giorno in cui voi o un terzo da voi designato (che non \u00e8 il corriere) ha preso possesso della merce.<\/p>\t\t\t\t\t\t\t\t<\/div>\n\t\t\t\t<div class=\"elementor-element elementor-element-143179e elementor-widget elementor-widget-text-editor\" data-id=\"143179e\" data-element_type=\"widget\" data-e-type=\"widget\" data-widget_type=\"text-editor.default\">\n\t\t\t\t\t\t\t\t\t<p>Per esercitare il tuo diritto di rescissione, dovete informarci della vostra decisione di rescindere dal presente contratto mediante una comunicazoine esplicita. Potete trovare il numero del vostro ordine sul nostro sito web \u201cIl mio account \u2013 Ordini\u201d, potete inviarci un'e-mail o chiamarci per informarci della vostra decisione e chiedere un rimborso. Se vi avvalete di questa possibilit\u00e0, vi invieremo immediatamente (ad esempio via e-mail) una conferma di ricevimento di tale revoca.<\/p>\t\t\t\t\t\t\t\t<\/div>\n\t\t\t\t<div class=\"elementor-element elementor-element-64e4d915 elementor-widget elementor-widget-text-editor\" data-id=\"64e4d915\" data-element_type=\"widget\" data-e-type=\"widget\" data-widget_type=\"text-editor.default\">\n\t\t\t\t\t\t\t\t\t<p>L'indirizzo di resa \u00e8:<\/p>\n<p>94 Av. du G\u00e9n\u00e9ral de Gaulle, 93110 Rosny-sous-Bois<\/p>\t\t\t\t\t\t\t\t<\/div>\n\t\t\t\t<div class=\"elementor-element elementor-element-7af773d elementor-widget elementor-widget-text-editor\" data-id=\"7af773d\" data-element_type=\"widget\" data-e-type=\"widget\" data-widget_type=\"text-editor.default\">\n\t\t\t\t\t\t\t\t\t<p>Contatto:<\/p><p>Telefono: 06 02 29 27 17<\/p><p>E-mail: info@futurtron.fr<\/p>\t\t\t\t\t\t\t\t<\/div>\n\t\t\t\t<div class=\"elementor-element elementor-element-65c499d1 elementor-widget elementor-widget-text-editor\" data-id=\"65c499d1\" data-element_type=\"widget\" data-e-type=\"widget\" data-widget_type=\"text-editor.default\">\n\t\t\t\t\t\t\t\t\t<p>Per rispettare il periodo di rescissione \u00e8 sufficiente inviare la comunicazione relativa all'esercizio del diritto di rescissione (la richiesta esplicita) prima della scadenza del periodo di rescissione.<\/p>\t\t\t\t\t\t\t\t<\/div>\n\t\t\t\t<div class=\"elementor-element elementor-element-6fa86fd elementor-widget elementor-widget-text-editor\" data-id=\"6fa86fd\" data-element_type=\"widget\" data-e-type=\"widget\" data-widget_type=\"text-editor.default\">\n\t\t\t\t\t\t\t\t\t<p>Conseguenze della revoca<\/p>\t\t\t\t\t\t\t\t<\/div>\n\t\t\t\t<div class=\"elementor-element elementor-element-00cece0 elementor-widget elementor-widget-text-editor\" data-id=\"00cece0\" data-element_type=\"widget\" data-e-type=\"widget\" data-widget_type=\"text-editor.default\">\n\t\t\t\t\t\t\t\t\t<p>Se revocate il presente contratto, ci occuperemo noi di tutti i pagamenti. Per il rimborso utilizziamo lo stesso metodo di pagamento utilizzato per la transazione originale. Potremo rifiutare il rimborso finch\u00e9 non avremo ricevuto la merce o finch\u00e9 non avrete fornito la prova di aver restituito la merce, a seconda di quale evento si verifichi per primo. \u00c8 necessario restituirci o consegnarci la merce immediatamente e in ogni caso entro e non oltre 14 giorni dal giorno in cui ci informate della rescissione del presente contratto. Il termine \u00e8 rispettato se restituite i beni prima della scadenza del periodo di 14 giorni. Siete responsabili solo della diminuzione del valore dei beni risultante da una manipolazione diversa da quella necessaria per stabilire la natura, le caratteristiche e il funzionamento dei beni.<\/p>\t\t\t\t\t\t\t\t<\/div>\n\t\t\t\t\t<\/div>\n\t\t<\/div>\n\t\t\t\t\t<\/div>\n\t\t<\/section>\n\t\t\t\t<\/div>","protected":false},"excerpt":{"rendered":"<p>droit de r\u00e9tractation 1. Port\u00e9e Vous avez le droit de vous r\u00e9tracter du pr\u00e9sent contrat dans un d\u00e9lai&#8230;<\/p>","protected":false},"author":1,"featured_media":0,"parent":0,"menu_order":0,"comment_status":"closed","ping_status":"closed","template":"elementor_header_footer","meta":{"footnotes":""},"class_list":["post-3270","page","type-page","status-publish","hentry"],"acf":[],"_links":{"self":[{"href":"https:\/\/futurtron.fr\/it\/wp-json\/wp\/v2\/pages\/3270","targetHints":{"allow":["GET"]}}],"collection":[{"href":"https:\/\/futurtron.fr\/it\/wp-json\/wp\/v2\/pages"}],"about":[{"href":"https:\/\/futurtron.fr\/it\/wp-json\/wp\/v2\/types\/page"}],"author":[{"embeddable":true,"href":"https:\/\/futurtron.fr\/it\/wp-json\/wp\/v2\/users\/1"}],"replies":[{"embeddable":true,"href":"https:\/\/futurtron.fr\/it\/wp-json\/wp\/v2\/comments?post=3270"}],"version-history":[{"count":13,"href":"https:\/\/futurtron.fr\/it\/wp-json\/wp\/v2\/pages\/3270\/revisions"}],"predecessor-version":[{"id":3693,"href":"https:\/\/futurtron.fr\/it\/wp-json\/wp\/v2\/pages\/3270\/revisions\/3693"}],"wp:attachment":[{"href":"https:\/\/futurtron.fr\/it\/wp-json\/wp\/v2\/media?parent=3270"}],"curies":[{"name":"wp","href":"https:\/\/api.w.org\/{rel}","templated":true}]}}