{"id":3268,"date":"2024-03-18T02:12:02","date_gmt":"2024-03-18T02:12:02","guid":{"rendered":"https:\/\/futurtron.fr\/?page_id=3268"},"modified":"2024-03-18T02:51:41","modified_gmt":"2024-03-18T02:51:41","slug":"conditions-dutilisation","status":"publish","type":"page","link":"https:\/\/futurtron.fr\/it\/conditions-dutilisation\/","title":{"rendered":"Conditions d&#8217;utilisation"},"content":{"rendered":"<div data-elementor-type=\"wp-page\" data-elementor-id=\"3268\" class=\"elementor elementor-3268\" data-elementor-post-type=\"page\">\n\t\t\t\t\t\t<section class=\"elementor-section elementor-top-section elementor-element elementor-element-9f7ee8f elementor-section-boxed elementor-section-height-default elementor-section-height-default\" data-id=\"9f7ee8f\" data-element_type=\"section\" data-e-type=\"section\">\n\t\t\t\t\t\t<div class=\"elementor-container elementor-column-gap-default\">\n\t\t\t\t\t<div class=\"elementor-column elementor-col-100 elementor-top-column elementor-element elementor-element-9a6a0dc\" data-id=\"9a6a0dc\" data-element_type=\"column\" data-e-type=\"column\">\n\t\t\t<div class=\"elementor-widget-wrap elementor-element-populated\">\n\t\t\t\t\t\t<div class=\"elementor-element elementor-element-d60830a elementor-widget elementor-widget-heading\" data-id=\"d60830a\" data-element_type=\"widget\" data-e-type=\"widget\" data-widget_type=\"heading.default\">\n\t\t\t\t\t<p class=\"elementor-heading-title elementor-size-default elementor-heading-title\">Termini di utilizzo<\/p>\t\t\t\t<\/div>\n\t\t\t\t<div class=\"elementor-element elementor-element-3f38315 elementor-widget elementor-widget-heading\" data-id=\"3f38315\" data-element_type=\"widget\" data-e-type=\"widget\" data-widget_type=\"heading.default\">\n\t\t\t\t\t<p class=\"elementor-heading-title elementor-size-default elementor-heading-title\">1. Ambito<\/p>\t\t\t\t<\/div>\n\t\t\t\t<div class=\"elementor-element elementor-element-0a66dbf elementor-widget elementor-widget-text-editor\" data-id=\"0a66dbf\" data-element_type=\"widget\" data-e-type=\"widget\" data-widget_type=\"text-editor.default\">\n\t\t\t\t\t\t\t\t\tI seguenti termini e condizioni si applicano a tutti gli ordini tramite il nostro negozio online da parte di consumatori e imprenditori.\t\t\t\t\t\t\t\t<\/div>\n\t\t\t\t<div class=\"elementor-element elementor-element-5417052 elementor-widget elementor-widget-text-editor\" data-id=\"5417052\" data-element_type=\"widget\" data-e-type=\"widget\" data-widget_type=\"text-editor.default\">\n\t\t\t\t\t\t\t\t\t<p>Un consumatore \u00e8 qualsiasi persona fisica che conclude una transazione legale per scopi indipendenti o che non sono principalmente commerciali. L'imprenditore \u00e8 una persona fisica o giuridica o una societ\u00e0 di persone con capacit\u00e0 giuridica che, quando conclude una transazione legale, agisce nell'esercizio della sua attivit\u00e0 commerciale o professionale.<\/p>\t\t\t\t\t\t\t\t<\/div>\n\t\t\t\t<div class=\"elementor-element elementor-element-529ceb6 elementor-widget elementor-widget-text-editor\" data-id=\"529ceb6\" data-element_type=\"widget\" data-e-type=\"widget\" data-widget_type=\"text-editor.default\">\n\t\t\t\t\t\t\t\t\t<p>Per gli imprenditori vale quanto segue: se l'imprenditore utilizza condizioni generali contraddittorie o aggiuntive, la loro validit\u00e0 \u00e8 messa in dubio; le condizioni fanno parte del contratto solo se abbiamo espressamente acconsentito alle condizioni.<\/p>\t\t\t\t\t\t\t\t<\/div>\n\t\t\t\t<div class=\"elementor-element elementor-element-206c7cb elementor-widget elementor-widget-heading\" data-id=\"206c7cb\" data-element_type=\"widget\" data-e-type=\"widget\" data-widget_type=\"heading.default\">\n\t\t\t\t\t<p class=\"elementor-heading-title elementor-size-default elementor-heading-title\">2. Parte contraente, conclusione del contratto, possibilit\u00e0 di correzione<\/p>\t\t\t\t<\/div>\n\t\t\t\t<div class=\"elementor-element elementor-element-58ecc88 elementor-widget elementor-widget-text-editor\" data-id=\"58ecc88\" data-element_type=\"widget\" data-e-type=\"widget\" data-widget_type=\"text-editor.default\">\n\t\t\t\t\t\t\t\t\t<p>Il contratto di acquisto viene stipulato con FUTURTRON<\/p>\t\t\t\t\t\t\t\t<\/div>\n\t\t\t\t<div class=\"elementor-element elementor-element-350f70c elementor-widget elementor-widget-text-editor\" data-id=\"350f70c\" data-element_type=\"widget\" data-e-type=\"widget\" data-widget_type=\"text-editor.default\">\n\t\t\t\t\t\t\t\t\t<p>Inserendo i prodotti nel negozio online presentiamo un'offerta vincolante per la stipulazione di un contratto per questi articoli. Potete inserire i nostri prodotti nel carrello senza impegno e modificare i le informazioni inserite prima di inviare l'ordine vincolante utilizzando gli strumenti forniti durante il processo di ordinazione. Il contratto \u00e8 concluso quando si accetta l'offerta per la merce contenuta nel carrello cliccando sul pulsante dell'ordine. Subito dopo l'invio dell'ordine riceverete un'altra conferma via email.<\/p>\t\t\t\t\t\t\t\t<\/div>\n\t\t\t\t<div class=\"elementor-element elementor-element-7fabf77 elementor-widget elementor-widget-heading\" data-id=\"7fabf77\" data-element_type=\"widget\" data-e-type=\"widget\" data-widget_type=\"heading.default\">\n\t\t\t\t\t<p class=\"elementor-heading-title elementor-size-default elementor-heading-title\">3. Linguaggio contrattuale, salvataggio del testo contrattuale<\/p>\t\t\t\t<\/div>\n\t\t\t\t<div class=\"elementor-element elementor-element-aed3f56 elementor-widget elementor-widget-text-editor\" data-id=\"aed3f56\" data-element_type=\"widget\" data-e-type=\"widget\" data-widget_type=\"text-editor.default\">\n\t\t\t\t\t\t\t\t\t<p>Lingua(e) disponibile per la conclusione del contratto: francese<\/p>\t\t\t\t\t\t\t\t<\/div>\n\t\t\t\t<div class=\"elementor-element elementor-element-1b35764 elementor-widget elementor-widget-text-editor\" data-id=\"1b35764\" data-element_type=\"widget\" data-e-type=\"widget\" data-widget_type=\"text-editor.default\">\n\t\t\t\t\t\t\t\t\t<p>Salviamo il testo del contratto e vi inviamo i dati dell'ordine e le nostre condizioni generali in formato testuale. Per motivi di sicurezza il testo del contratto non \u00e8 accessibile via Internet.<\/p>\t\t\t\t\t\t\t\t<\/div>\n\t\t\t\t<div class=\"elementor-element elementor-element-f877a04 elementor-widget elementor-widget-heading\" data-id=\"f877a04\" data-element_type=\"widget\" data-e-type=\"widget\" data-widget_type=\"heading.default\">\n\t\t\t\t\t<p class=\"elementor-heading-title elementor-size-default elementor-heading-title\">4. Diritto di recesso<\/p>\t\t\t\t<\/div>\n\t\t\t\t<div class=\"elementor-element elementor-element-7611c26 elementor-widget elementor-widget-text-editor\" data-id=\"7611c26\" data-element_type=\"widget\" data-e-type=\"widget\" data-widget_type=\"text-editor.default\">\n\t\t\t\t\t\t\t\t\t<p>Avete il diritto di recedere dal presente contratto entro quattordici giorni senza fornire alcuna motivazione. Il periodo di recesso \u00e8 di quattordici giorni dal giorno in cui la merce viene ricevuta.<\/p>\t\t\t\t\t\t\t\t<\/div>\n\t\t\t\t<div class=\"elementor-element elementor-element-d090ed9 elementor-widget elementor-widget-text-editor\" data-id=\"d090ed9\" data-element_type=\"widget\" data-e-type=\"widget\" data-widget_type=\"text-editor.default\">\n\t\t\t\t\t\t\t\t\t<p>L'indirizzo di resa \u00e8:<\/p><p>Viale Spinoza 4, 77184 \u00c9merainville, Francia<\/p><p>Telefono: 06 02 29 27 17<\/p><p>E-mail: info@futurtron.fr<\/p>\t\t\t\t\t\t\t\t<\/div>\n\t\t\t\t<div class=\"elementor-element elementor-element-acf6b02 elementor-widget elementor-widget-heading\" data-id=\"acf6b02\" data-element_type=\"widget\" data-e-type=\"widget\" data-widget_type=\"heading.default\">\n\t\t\t\t\t<p class=\"elementor-heading-title elementor-size-default elementor-heading-title\">5. Riserva di propriet\u00e0<\/p>\t\t\t\t<\/div>\n\t\t\t\t<div class=\"elementor-element elementor-element-af57712 elementor-widget elementor-widget-text-editor\" data-id=\"af57712\" data-element_type=\"widget\" data-e-type=\"widget\" data-widget_type=\"text-editor.default\">\n\t\t\t\t\t\t\t\t\t<p>La merce resta di nostra propriet\u00e0 fino al completamento del pagamento.<\/p>\t\t\t\t\t\t\t\t<\/div>\n\t\t\t\t\t<\/div>\n\t\t<\/div>\n\t\t\t\t\t<\/div>\n\t\t<\/section>\n\t\t\t\t<\/div>","protected":false},"excerpt":{"rendered":"<p>Conditions d&#8217;utilisation 1. Port\u00e9e Les termes et conditions suivants s&#8217;appliquent \u00e0 toutes les commandes via notre boutique en&#8230;<\/p>","protected":false},"author":1,"featured_media":0,"parent":0,"menu_order":0,"comment_status":"closed","ping_status":"closed","template":"elementor_header_footer","meta":{"footnotes":""},"class_list":["post-3268","page","type-page","status-publish","hentry"],"acf":[],"_links":{"self":[{"href":"https:\/\/futurtron.fr\/it\/wp-json\/wp\/v2\/pages\/3268","targetHints":{"allow":["GET"]}}],"collection":[{"href":"https:\/\/futurtron.fr\/it\/wp-json\/wp\/v2\/pages"}],"about":[{"href":"https:\/\/futurtron.fr\/it\/wp-json\/wp\/v2\/types\/page"}],"author":[{"embeddable":true,"href":"https:\/\/futurtron.fr\/it\/wp-json\/wp\/v2\/users\/1"}],"replies":[{"embeddable":true,"href":"https:\/\/futurtron.fr\/it\/wp-json\/wp\/v2\/comments?post=3268"}],"version-history":[{"count":25,"href":"https:\/\/futurtron.fr\/it\/wp-json\/wp\/v2\/pages\/3268\/revisions"}],"predecessor-version":[{"id":3298,"href":"https:\/\/futurtron.fr\/it\/wp-json\/wp\/v2\/pages\/3268\/revisions\/3298"}],"wp:attachment":[{"href":"https:\/\/futurtron.fr\/it\/wp-json\/wp\/v2\/media?parent=3268"}],"curies":[{"name":"wp","href":"https:\/\/api.w.org\/{rel}","templated":true}]}}