{"id":3226,"date":"2024-03-05T10:55:44","date_gmt":"2024-03-05T10:55:44","guid":{"rendered":"https:\/\/futurtron.fr\/?post_type=product&#038;p=3226"},"modified":"2025-03-12T03:18:20","modified_gmt":"2025-03-12T03:18:20","slug":"scb-36v-100ah","status":"publish","type":"product","link":"https:\/\/futurtron.fr\/en\/product\/scb-36v-100ah\/","title":{"rendered":"SCB-36V-100AH"},"content":{"rendered":"","protected":false},"excerpt":{"rendered":"<div><strong>Compared to traditional batteries, our lithium<\/strong><\/div>\n<div><strong>Iron phosphate (LiFePO4) batteries have many advantages:<\/strong><\/div>\n<p>&nbsp;<\/p>\n<div>5-year manufacturer's warranty<\/div>\n<div>La technologie la plus s\u00fbre, sans risque d&#8217;incendie ou d&#8217;explosion<\/div>\n<div>Long life expectancy<\/div>\n<div>Constantly improving storage capacity<\/div>\n<div>High stability even under extreme loads<\/div>\n<div>Pas d&#8217;effet m\u00e9moire, pas besoin de cycles complets de charge et de d\u00e9charge<\/div>\n<div>High performance even in extreme conditions<\/div>\n<div>Deep and consistent discharge and charge efficiency<\/div>\n<div>Small Size and Old Gewicht<\/div>\n<p>&nbsp;<\/p>\n<div>\n<p><strong>Integrated Battery Management System (BMS)<\/strong><\/p>\n<p>Permettre le contr\u00f4le et la charge des diff\u00e9rents \u00e9l\u00e9ments d&#8217;une batterie d&#8217;accumulateurs et la prot\u00e9ger contre les surcharges, les surtensions.<\/p>\n<p>\ud83d\udc49<strong><a href=\"https:\/\/futurtron.fr\/wp-content\/uploads\/2024\/11\/DATASHEET-SCB-36-100-FR.pdf\">DATASHEET SCB-36-100-FR<\/a><\/strong><\/p>\n<\/div>\n<p>\ud83d\udc49<strong><a href=\"https:\/\/futurtron.fr\/wp-content\/uploads\/2024\/08\/DATASHEET-SCB-36-100-EN.pdf\">DATASHEET SCB-36-100-EN<\/a><\/strong><\/p>","protected":false},"featured_media":3616,"comment_status":"open","ping_status":"closed","template":"","meta":[],"product_brand":[],"product_cat":[57],"product_tag":[],"class_list":{"0":"post-3226","1":"product","2":"type-product","3":"status-publish","4":"has-post-thumbnail","6":"product_cat-36v-lifepo4-batteries","7":"stm_brands-supcelion","9":"first","10":"instock","11":"shipping-taxable","12":"purchasable","13":"product-type-simple"},"acf":[],"_links":{"self":[{"href":"https:\/\/futurtron.fr\/en\/wp-json\/wp\/v2\/product\/3226","targetHints":{"allow":["GET"]}}],"collection":[{"href":"https:\/\/futurtron.fr\/en\/wp-json\/wp\/v2\/product"}],"about":[{"href":"https:\/\/futurtron.fr\/en\/wp-json\/wp\/v2\/types\/product"}],"replies":[{"embeddable":true,"href":"https:\/\/futurtron.fr\/en\/wp-json\/wp\/v2\/comments?post=3226"}],"version-history":[{"count":1,"href":"https:\/\/futurtron.fr\/en\/wp-json\/wp\/v2\/product\/3226\/revisions"}],"predecessor-version":[{"id":3228,"href":"https:\/\/futurtron.fr\/en\/wp-json\/wp\/v2\/product\/3226\/revisions\/3228"}],"wp:featuredmedia":[{"embeddable":true,"href":"https:\/\/futurtron.fr\/en\/wp-json\/wp\/v2\/media\/3616"}],"wp:attachment":[{"href":"https:\/\/futurtron.fr\/en\/wp-json\/wp\/v2\/media?parent=3226"}],"wp:term":[{"taxonomy":"product_brand","embeddable":true,"href":"https:\/\/futurtron.fr\/en\/wp-json\/wp\/v2\/product_brand?post=3226"},{"taxonomy":"product_cat","embeddable":true,"href":"https:\/\/futurtron.fr\/en\/wp-json\/wp\/v2\/product_cat?post=3226"},{"taxonomy":"product_tag","embeddable":true,"href":"https:\/\/futurtron.fr\/en\/wp-json\/wp\/v2\/product_tag?post=3226"}],"curies":[{"name":"wp","href":"https:\/\/api.w.org\/{rel}","templated":true}]}}