{"id":3185,"date":"2024-03-05T10:15:57","date_gmt":"2024-03-05T10:15:57","guid":{"rendered":"https:\/\/futurtron.fr\/?post_type=product&#038;p=3185"},"modified":"2024-04-30T10:09:26","modified_gmt":"2024-04-30T10:09:26","slug":"convertisseur-dc-dc-12v-24v-8a-non-isole-orion","status":"publish","type":"product","link":"https:\/\/futurtron.fr\/en\/product\/convertisseur-dc-dc-12v-24v-8a-non-isole-orion\/","title":{"rendered":"Orion Non-Isolated 12V-24V 8A DC-DC Converter"},"content":{"rendered":"<h5>Connecteur \u00e0 distance on-off<\/h5>\n<p>Le connecteur \u00e0 distance on-off \u00e9limine la n\u00e9cessit\u00e9 d\u2019un interrupteur de courant \u00e9lev\u00e9 sur le c\u00e2blage d\u2019entr\u00e9e. Le connecteur \u00e0 distance on-off peut \u00eatre actionn\u00e9 depuis un interrupteur de puissance faible ou depuis un interrupteur de marche\/arr\u00eat du moteur (voir le manuel).<\/p>\n<h5>Tous les mod\u00e8les ayant une sortie r\u00e9glable peuvent \u00eatre \u00e9galement utilis\u00e9s comme chargeur de batterie.<\/h5>\n<p>Par exemple, pour charger une batterie de d\u00e9marrage ou de service de 12 V dans un syst\u00e8me de 24 V.<br \/>\nTous les mod\u00e8les ayant une sortie r\u00e9glable peuvent \u00eatre install\u00e9s en parall\u00e8le pour augmenter le courant de sortie Jusqu\u2019\u00e0 cinq unit\u00e9s peuvent \u00eatre raccord\u00e9es en parall\u00e8le.<\/p>\n<p>Pour charger une batterie de 24 V \u00e0 partir d\u2019un syst\u00e8me de 12 V.<br \/>\nLa tension de sortie de ce mod\u00e8le doit \u00eatre r\u00e9gl\u00e9e avec un potentiom\u00e8tre.<\/p>\n<h5>Installation tr\u00e8s simple<\/h5>\n<p>La livraison comprend 4 cosses Femelles Faston isol\u00e9es de 6,3 mm.<\/p>\n<h5>Mod\u00e8les de faible puissance: s\u2019il vous pla\u00eet voir la s\u00e9rie Orion-Tr<\/h5>\n<p>&nbsp;<\/p>\n<h4>Fiche technique<\/h4>\n<table id=\"test-bg\" width=\"902\">\n<tbody>\n<tr>\n<td><span class=\"sp-label\">Plage de tension d\u2019Entr\u00e9e<\/span><\/td>\n<td>\n<div class=\"sp-row\">\n<div class=\"sp-row\"><span class=\"sp-value\"><span style=\"vertical-align: inherit;\"><span style=\"vertical-align: inherit;\">9V \u2013 18V<\/span><\/span><\/span><\/div>\n<\/div>\n<\/td>\n<\/tr>\n<tr>\n<td><span class=\"sp-label\">Seuil de sous-tension de d\u00e9connexion<\/span><\/td>\n<td><span style=\"vertical-align: inherit;\"><span style=\"vertical-align: inherit;\">8V<\/span><\/span><\/td>\n<\/tr>\n<tr>\n<td><span class=\"sp-label\">Seuil de sous-tension de reconnexion<\/span><\/td>\n<td><span style=\"vertical-align: inherit;\"><span style=\"vertical-align: inherit;\">10V<\/span><\/span><\/td>\n<\/tr>\n<tr>\n<td><span class=\"sp-label\">Tension de sortie nominale<\/span><\/td>\n<td><span style=\"vertical-align: inherit;\"><span style=\"vertical-align: inherit;\">24V<\/span><\/span><\/td>\n<\/tr>\n<tr>\n<td><span class=\"sp-label\">Courant de sortie continu<\/span><\/td>\n<td>\n<div class=\"sp-row\">\n<div class=\"sp-row\"><span style=\"vertical-align: inherit;\"><span style=\"vertical-align: inherit;\">8A<\/span><\/span><\/div>\n<\/div>\n<\/td>\n<\/tr>\n<tr>\n<td><span class=\"sp-label\">Courant de sortie maximum<\/span><\/td>\n<td><span style=\"vertical-align: inherit;\"><span style=\"vertical-align: inherit;\">20A<\/span><\/span><\/td>\n<\/tr>\n<tr>\n<td>Rendement<\/td>\n<td>\n<div class=\"sp-row\">\n<div class=\"sp-row\"><span class=\"sp-value\"><span style=\"vertical-align: inherit;\"><span style=\"vertical-align: inherit;\">95%<\/span><\/span><\/span><\/div>\n<\/div>\n<\/td>\n<\/tr>\n<tr>\n<td><span class=\"sp-label\">Isolement galvanique<\/span><\/td>\n<td>\n<div class=\"sp-row\">\n<div class=\"sp-row\"><span class=\"sp-value\">Non Isol\u00e9<\/span><\/div>\n<\/div>\n<\/td>\n<\/tr>\n<tr>\n<td><span class=\"sp-label\">Plage de temp\u00e9rature<\/span><\/td>\n<td>\n<div class=\"sp-row\"><span class=\"sp-value\"><span style=\"vertical-align: inherit;\"><span style=\"vertical-align: inherit;\">-20\u00b0C ~ +55\u00b0C<\/span><\/span><\/span><\/div>\n<\/td>\n<\/tr>\n<tr>\n<td><span class=\"sp-label\">Hors courant de charge<\/span><\/td>\n<td>\n<div class=\"sp-row\"><span class=\"sp-value\"><span style=\"vertical-align: inherit;\"><span style=\"vertical-align: inherit;\">&lt; 10\u00a0mA<\/span><\/span><\/span><\/div>\n<\/td>\n<\/tr>\n<tr>\n<td><span class=\"sp-label\"><span style=\"vertical-align: inherit;\"><span style=\"vertical-align: inherit;\">Connexion CC<\/span><\/span><\/span><\/td>\n<td>\n<div class=\"sp-row\">\n<div class=\"sp-row\"><span class=\"sp-value\">Languettes Faston 6.3 mm<\/span><\/div>\n<\/div>\n<\/td>\n<\/tr>\n<tr>\n<td><span class=\"sp-label\"><span style=\"vertical-align: inherit;\"><span style=\"vertical-align: inherit;\">Dimensions (H x L x P)<\/span><\/span><\/span><\/td>\n<td>\n<div class=\"sp-row\"><span class=\"sp-value\"><span style=\"vertical-align: inherit;\"><span style=\"vertical-align: inherit;\">45x90x115mm<\/span><\/span><\/span><\/div>\n<\/td>\n<\/tr>\n<tr>\n<td><span class=\"sp-label\">Poids net<\/span><\/td>\n<td>\n<div class=\"sp-row\"><span class=\"sp-value\"><span style=\"vertical-align: inherit;\"><span style=\"vertical-align: inherit;\">0,40<\/span><\/span><\/span><\/div>\n<\/td>\n<\/tr>\n<tr>\n<td><span style=\"vertical-align: inherit;\"><span style=\"vertical-align: inherit;\">Garantie du fabricant<\/span><\/span><\/td>\n<td>\n<div class=\"sp-row\">\n<div class=\"sp-row\"><span class=\"sp-value\">5 ans<\/span><\/div>\n<\/div>\n<\/td>\n<\/tr>\n<tr>\n<td>Certificats<\/td>\n<td>\n<div class=\"specification\">\n<div class=\"sp-group\">\n<div class=\"sp-row\"><span class=\"sp-value\"><span style=\"vertical-align: inherit;\"><span style=\"vertical-align: inherit;\">CE : EN 60950 EN 61000-6-3, EN 55014-1 EN 61000-6-2, EN 61000-6-1, EN 55014-2 ECE R10-4<\/span><\/span><\/span><\/div>\n<\/div>\n<\/div>\n<\/td>\n<\/tr>\n<\/tbody>\n<\/table>","protected":false},"excerpt":{"rendered":"<p class=\"price\">\u2013 All models with adjustable output<\/p>\n<div class=\"woocommerce-product-details__short-description\">\n<p>\u2013 Ils peuvent \u00eatre utilis\u00e9s comme chargeur de batterie<\/p>\n<p>\u2013 On-off remote connector<\/p>\n<\/div>","protected":false},"featured_media":3186,"comment_status":"open","ping_status":"closed","template":"","meta":[],"product_brand":[],"product_cat":[65],"product_tag":[],"class_list":{"0":"post-3185","1":"product","2":"type-product","3":"status-publish","4":"has-post-thumbnail","6":"product_cat-convertisseur-cc","8":"first","9":"instock","10":"shipping-taxable","11":"purchasable","12":"product-type-simple"},"acf":[],"_links":{"self":[{"href":"https:\/\/futurtron.fr\/en\/wp-json\/wp\/v2\/product\/3185","targetHints":{"allow":["GET"]}}],"collection":[{"href":"https:\/\/futurtron.fr\/en\/wp-json\/wp\/v2\/product"}],"about":[{"href":"https:\/\/futurtron.fr\/en\/wp-json\/wp\/v2\/types\/product"}],"replies":[{"embeddable":true,"href":"https:\/\/futurtron.fr\/en\/wp-json\/wp\/v2\/comments?post=3185"}],"version-history":[{"count":0,"href":"https:\/\/futurtron.fr\/en\/wp-json\/wp\/v2\/product\/3185\/revisions"}],"wp:featuredmedia":[{"embeddable":true,"href":"https:\/\/futurtron.fr\/en\/wp-json\/wp\/v2\/media\/3186"}],"wp:attachment":[{"href":"https:\/\/futurtron.fr\/en\/wp-json\/wp\/v2\/media?parent=3185"}],"wp:term":[{"taxonomy":"product_brand","embeddable":true,"href":"https:\/\/futurtron.fr\/en\/wp-json\/wp\/v2\/product_brand?post=3185"},{"taxonomy":"product_cat","embeddable":true,"href":"https:\/\/futurtron.fr\/en\/wp-json\/wp\/v2\/product_cat?post=3185"},{"taxonomy":"product_tag","embeddable":true,"href":"https:\/\/futurtron.fr\/en\/wp-json\/wp\/v2\/product_tag?post=3185"}],"curies":[{"name":"wp","href":"https:\/\/api.w.org\/{rel}","templated":true}]}}