{"id":3270,"date":"2024-03-18T03:14:22","date_gmt":"2024-03-18T03:14:22","guid":{"rendered":"https:\/\/futurtron.fr\/?page_id=3270"},"modified":"2025-01-17T08:10:16","modified_gmt":"2025-01-17T08:10:16","slug":"droit-de-retractation","status":"publish","type":"page","link":"https:\/\/futurtron.fr\/en\/droit-de-retractation\/","title":{"rendered":"right to retract"},"content":{"rendered":"<div data-elementor-type=\"wp-page\" data-elementor-id=\"3270\" class=\"elementor elementor-3270\" data-elementor-post-type=\"page\">\n\t\t\t\t\t\t<section class=\"elementor-section elementor-top-section elementor-element elementor-element-8bd874 elementor-section-boxed elementor-section-height-default elementor-section-height-default\" data-id=\"8bd874\" data-element_type=\"section\" data-e-type=\"section\">\n\t\t\t\t\t\t<div class=\"elementor-container elementor-column-gap-default\">\n\t\t\t\t\t<div class=\"elementor-column elementor-col-100 elementor-top-column elementor-element elementor-element-4888d330\" data-id=\"4888d330\" data-element_type=\"column\" data-e-type=\"column\">\n\t\t\t<div class=\"elementor-widget-wrap elementor-element-populated\">\n\t\t\t\t\t\t<div class=\"elementor-element elementor-element-1a47c901 elementor-widget elementor-widget-heading\" data-id=\"1a47c901\" data-element_type=\"widget\" data-e-type=\"widget\" data-widget_type=\"heading.default\">\n\t\t\t\t\t<p class=\"elementor-heading-title elementor-size-default elementor-heading-title\">right to retract<\/p>\t\t\t\t<\/div>\n\t\t\t\t<div class=\"elementor-element elementor-element-227e5b32 elementor-widget elementor-widget-heading\" data-id=\"227e5b32\" data-element_type=\"widget\" data-e-type=\"widget\" data-widget_type=\"heading.default\">\n\t\t\t\t\t<p class=\"elementor-heading-title elementor-size-default elementor-heading-title\">1. Scope<\/p>\t\t\t\t<\/div>\n\t\t\t\t<div class=\"elementor-element elementor-element-20a138cb elementor-widget elementor-widget-text-editor\" data-id=\"20a138cb\" data-element_type=\"widget\" data-e-type=\"widget\" data-widget_type=\"text-editor.default\">\n\t\t\t\t\t\t\t\t\t<p>You have the right to withdraw from this contract within fourteen days without giving any reason. The withdrawal period is fourteen days from the day on which you or a third party designated by you who is not the carrier took possession of the last goods.<\/p>\t\t\t\t\t\t\t\t<\/div>\n\t\t\t\t<div class=\"elementor-element elementor-element-143179e elementor-widget elementor-widget-text-editor\" data-id=\"143179e\" data-element_type=\"widget\" data-e-type=\"widget\" data-widget_type=\"text-editor.default\">\n\t\t\t\t\t\t\t\t\t<p>In order to exercise your right of withdrawal, you must inform us of your decision to withdraw from this contract by means of a clear declaration. You can find your order number on our website \u201cMy Account \u2013 Orders\u201d, you can send us an email or call us to inform us of your refund decision. If you make use of this possibility, we will immediately send you (e.g. by e-mail) an acknowledgment of receipt of such a revocation.<\/p>\t\t\t\t\t\t\t\t<\/div>\n\t\t\t\t<div class=\"elementor-element elementor-element-64e4d915 elementor-widget elementor-widget-text-editor\" data-id=\"64e4d915\" data-element_type=\"widget\" data-e-type=\"widget\" data-widget_type=\"text-editor.default\">\n\t\t\t\t\t\t\t\t\t<p>The return address is:<\/p>\n<p>94 Av. du G\u00e9n\u00e9ral de Gaulle, 93110 Rosny-sous-Bois<\/p>\t\t\t\t\t\t\t\t<\/div>\n\t\t\t\t<div class=\"elementor-element elementor-element-7af773d elementor-widget elementor-widget-text-editor\" data-id=\"7af773d\" data-element_type=\"widget\" data-e-type=\"widget\" data-widget_type=\"text-editor.default\">\n\t\t\t\t\t\t\t\t\t<p>Contact :<\/p><p>Telephone: 06 02 29 27 17<\/p><p>Email: info@futurtron.fr<\/p>\t\t\t\t\t\t\t\t<\/div>\n\t\t\t\t<div class=\"elementor-element elementor-element-65c499d1 elementor-widget elementor-widget-text-editor\" data-id=\"65c499d1\" data-element_type=\"widget\" data-e-type=\"widget\" data-widget_type=\"text-editor.default\">\n\t\t\t\t\t\t\t\t\t<p>To comply with the withdrawal period, you simply need to send the communication concerning your exercise of the right of withdrawal before the withdrawal period expires.<\/p>\t\t\t\t\t\t\t\t<\/div>\n\t\t\t\t<div class=\"elementor-element elementor-element-6fa86fd elementor-widget elementor-widget-text-editor\" data-id=\"6fa86fd\" data-element_type=\"widget\" data-e-type=\"widget\" data-widget_type=\"text-editor.default\">\n\t\t\t\t\t\t\t\t\t<p>Consequences of revocation<\/p>\t\t\t\t\t\t\t\t<\/div>\n\t\t\t\t<div class=\"elementor-element elementor-element-00cece0 elementor-widget elementor-widget-text-editor\" data-id=\"00cece0\" data-element_type=\"widget\" data-e-type=\"widget\" data-widget_type=\"text-editor.default\">\n\t\t\t\t\t\t\t\t\t<p>If you revoke this contract, we will take care of all payments. For reimbursement, we use the same payment method you used for the original transaction. We may refuse reimbursement until we have received the goods back or until you have provided proof that you have returned the goods, whichever is earlier. You must return or hand over the goods to us immediately and in any event no later than 14 days from the day on which you inform us of the termination of this contract. The deadline is met if you return the goods before the expiration of the 14-day period. You are only responsible for any reduction in value of the goods resulting from handling other than that necessary to establish the nature, characteristics and functioning of the goods.<\/p>\t\t\t\t\t\t\t\t<\/div>\n\t\t\t\t\t<\/div>\n\t\t<\/div>\n\t\t\t\t\t<\/div>\n\t\t<\/section>\n\t\t\t\t<\/div>","protected":false},"excerpt":{"rendered":"<p>droit de r\u00e9tractation 1. Port\u00e9e Vous avez le droit de vous r\u00e9tracter du pr\u00e9sent contrat dans un d\u00e9lai&#8230;<\/p>","protected":false},"author":1,"featured_media":0,"parent":0,"menu_order":0,"comment_status":"closed","ping_status":"closed","template":"elementor_header_footer","meta":{"footnotes":""},"class_list":["post-3270","page","type-page","status-publish","hentry"],"acf":[],"_links":{"self":[{"href":"https:\/\/futurtron.fr\/en\/wp-json\/wp\/v2\/pages\/3270","targetHints":{"allow":["GET"]}}],"collection":[{"href":"https:\/\/futurtron.fr\/en\/wp-json\/wp\/v2\/pages"}],"about":[{"href":"https:\/\/futurtron.fr\/en\/wp-json\/wp\/v2\/types\/page"}],"author":[{"embeddable":true,"href":"https:\/\/futurtron.fr\/en\/wp-json\/wp\/v2\/users\/1"}],"replies":[{"embeddable":true,"href":"https:\/\/futurtron.fr\/en\/wp-json\/wp\/v2\/comments?post=3270"}],"version-history":[{"count":13,"href":"https:\/\/futurtron.fr\/en\/wp-json\/wp\/v2\/pages\/3270\/revisions"}],"predecessor-version":[{"id":3693,"href":"https:\/\/futurtron.fr\/en\/wp-json\/wp\/v2\/pages\/3270\/revisions\/3693"}],"wp:attachment":[{"href":"https:\/\/futurtron.fr\/en\/wp-json\/wp\/v2\/media?parent=3270"}],"curies":[{"name":"wp","href":"https:\/\/api.w.org\/{rel}","templated":true}]}}