{"id":3568,"date":"2024-08-09T10:01:44","date_gmt":"2024-08-09T10:01:44","guid":{"rendered":"https:\/\/futurtron.fr\/?post_type=product&#038;p=3568"},"modified":"2025-03-12T03:27:03","modified_gmt":"2025-03-12T03:27:03","slug":"scb-12v-300ah-pro","status":"publish","type":"product","link":"https:\/\/futurtron.fr\/de\/product\/scb-12v-300ah-pro\/","title":{"rendered":"SCB-12V-300AH PRO"},"content":{"rendered":"","protected":false},"excerpt":{"rendered":"<p><strong><span style=\"vertical-align: inherit;\"><span style=\"vertical-align: inherit;\">Par Rapport Aux Battery Traditionnelles, Nos <\/span><\/span><\/strong><br \/>\n<strong><span style=\"vertical-align: inherit;\"><span style=\"vertical-align: inherit;\">Lithium-Eisenphosphat-Batterien (LiFePO4) mit zahlreichen Vorteilen:<\/span><\/span><\/strong><\/p>\n<p><span style=\"vertical-align: inherit;\"><span style=\"vertical-align: inherit;\">Garantie Konstrukteur 5 Jahre <\/span><\/span><br \/>\n<span style=\"vertical-align: inherit;\"><span style=\"vertical-align: inherit;\">La technologie la plus s\u00fbre, sans risque d&#8217;incendie ni d&#8217;explosion <\/span><\/span><br \/>\n<span style=\"vertical-align: inherit;\"><span style=\"vertical-align: inherit;\">Longue dur\u00e9e de vie <\/span><\/span><br \/>\n<span style=\"vertical-align: inherit;\"><span style=\"vertical-align: inherit;\">Lagerkapazit\u00e4t und st\u00e4ndige Verbesserung <\/span><\/span><br \/>\n<span style=\"vertical-align: inherit;\"><span style=\"vertical-align: inherit;\">Hohe Stabilit\u00e4t auch unter extremen Belastungen <\/span><\/span><br \/>\n<span style=\"vertical-align: inherit;\"><span style=\"vertical-align: inherit;\">Pas d&#8217;effet m\u00e9moire, pas besoin de cycles complets de charge et de d\u00e9charge <\/span><\/span><br \/>\n<span style=\"vertical-align: inherit;\"><span style=\"vertical-align: inherit;\">H\u00f6chstleistungen auch unter extremen Bedingungen <\/span><\/span><br \/>\n<span style=\"vertical-align: inherit;\"><span style=\"vertical-align: inherit;\">Professionelle, regelm\u00e4\u00dfige und wirksame Entladung <\/span><\/span><br \/>\n<span style=\"vertical-align: inherit;\"><span style=\"vertical-align: inherit;\">Petite Taille und viel Gewicht<\/span><\/span><\/p>\n<p><strong><span style=\"vertical-align: inherit;\"><span style=\"vertical-align: inherit;\">Integriertes Batterieladesystem (BMS)<\/span><\/span><\/strong><\/p>\n<p><span style=\"vertical-align: inherit;\"><span style=\"vertical-align: inherit;\">Permettre le contr\u00f4le et la charge des diff\u00e9rents \u00e9l\u00e9ments d&#8217;une batterie d&#8217;accumulateurs et la prot\u00e9ger contre les surcharges, les surtensions.<\/span><\/span><\/p>\n<p>\ud83d\udc49<strong><a href=\"https:\/\/futurtron.fr\/wp-content\/uploads\/2024\/11\/DATASHEET-SCB-12-300PRO-FR.pdf\">DATASHEET SCB-12-300PRO-FR<\/a><\/strong><\/p>\n<p>\ud83d\udc49<strong><a href=\"https:\/\/futurtron.fr\/wp-content\/uploads\/2024\/08\/DATASHEET-SCB-12-300PRO-EN.pdf\">DATASHEET SCB-12-300PRO-EN<\/a><\/strong><\/p>","protected":false},"featured_media":3565,"comment_status":"open","ping_status":"closed","template":"","meta":[],"product_brand":[],"product_cat":[55],"product_tag":[],"class_list":{"0":"post-3568","1":"product","2":"type-product","3":"status-publish","4":"has-post-thumbnail","6":"product_cat-12v-lifepo4-batteries","7":"stm_brands-supcelion","9":"first","10":"instock","11":"shipping-taxable","12":"purchasable","13":"product-type-simple"},"acf":[],"_links":{"self":[{"href":"https:\/\/futurtron.fr\/de\/wp-json\/wp\/v2\/product\/3568","targetHints":{"allow":["GET"]}}],"collection":[{"href":"https:\/\/futurtron.fr\/de\/wp-json\/wp\/v2\/product"}],"about":[{"href":"https:\/\/futurtron.fr\/de\/wp-json\/wp\/v2\/types\/product"}],"replies":[{"embeddable":true,"href":"https:\/\/futurtron.fr\/de\/wp-json\/wp\/v2\/comments?post=3568"}],"version-history":[{"count":1,"href":"https:\/\/futurtron.fr\/de\/wp-json\/wp\/v2\/product\/3568\/revisions"}],"predecessor-version":[{"id":3580,"href":"https:\/\/futurtron.fr\/de\/wp-json\/wp\/v2\/product\/3568\/revisions\/3580"}],"wp:featuredmedia":[{"embeddable":true,"href":"https:\/\/futurtron.fr\/de\/wp-json\/wp\/v2\/media\/3565"}],"wp:attachment":[{"href":"https:\/\/futurtron.fr\/de\/wp-json\/wp\/v2\/media?parent=3568"}],"wp:term":[{"taxonomy":"product_brand","embeddable":true,"href":"https:\/\/futurtron.fr\/de\/wp-json\/wp\/v2\/product_brand?post=3568"},{"taxonomy":"product_cat","embeddable":true,"href":"https:\/\/futurtron.fr\/de\/wp-json\/wp\/v2\/product_cat?post=3568"},{"taxonomy":"product_tag","embeddable":true,"href":"https:\/\/futurtron.fr\/de\/wp-json\/wp\/v2\/product_tag?post=3568"}],"curies":[{"name":"wp","href":"https:\/\/api.w.org\/{rel}","templated":true}]}}