{"id":3141,"date":"2024-02-28T10:42:43","date_gmt":"2024-02-28T10:42:43","guid":{"rendered":"https:\/\/futurtron.fr\/?post_type=product&#038;p=3141"},"modified":"2024-05-06T10:20:17","modified_gmt":"2024-05-06T10:20:17","slug":"panneau-solaire-90w-12v-mono-bluesolar","status":"publish","type":"product","link":"https:\/\/futurtron.fr\/de\/product\/panneau-solaire-90w-12v-mono-bluesolar\/","title":{"rendered":"90W 12V Mono-Solarpanel \u2013 BlueSolar"},"content":{"rendered":"<h5>90W 12V Mono-Solarpanel \u2013 BlueSolar<\/h5>\n<p>Les panneaux solaires Victron Energy sont un gage de qualit\u00e9 sur le march\u00e9 du photovolta\u00efque et sont difficilement \u00e9gal\u00e9s. Protections et garanties leurs assureront une longue dur\u00e9e de vie et peu de soucis pour leur propri\u00e9taire !<\/p>\n<p>\u2022 Un coefficient de temp\u00e9rature de tension faible am\u00e9liore un fonctionnement \u00e0 temp\u00e9rature \u00e9lev\u00e9e.<br \/>\n\u2022 Performance de faible luminosit\u00e9 exceptionnelle et sensibilit\u00e9 \u00e9lev\u00e9e pour illuminer le spectre solaire complet.<br \/>\n\u2022 Garantie limit\u00e9e de 25 ans sur la production et la performance de puissance.<br \/>\n\u2022 Garantie limit\u00e9e de 5 ans sur les mat\u00e9riaux et la qualit\u00e9 d\u2019ex\u00e9cution.<br \/>\n\u2022 La bo\u00eete de connexion est multifonctionnelle, \u00e9tanche et scell\u00e9e, ce qui permet un niveau de s\u00e9curit\u00e9 \u00e9lev\u00e9.<br \/>\n\u2022 Les diodes de d\u00e9rivation \u00e0 haute performance minimisent les chutes de puissances en cas de manque de rayonnement.<br \/>\n\u2022 Syst\u00e8me avanc\u00e9 d\u2019encapsulation EAV (\u00c9thyl\u00e8ne-Ac\u00e9tate de Vinyle) avec une feuille isolante arri\u00e8re \u00e0 trois couches respectant les exigences de s\u00e9curit\u00e9 les plus rigoureuses pour un fonctionnement sous tension \u00e9lev\u00e9e.<br \/>\n\u2022 Un cadre anodis\u00e9 robuste permet de monter facilement les modules sur un toit avec une vari\u00e9t\u00e9 de syst\u00e8mes de montage standard.<br \/>\n\u2022 Verre tremp\u00e9 de la plus haute qualit\u00e9 offrant une transmission \u00e9lev\u00e9e et fournissant une r\u00e9sistance \u00e0 l\u2019impact et une duret\u00e9 am\u00e9lior\u00e9es.<br \/>\n\u2022 Syst\u00e8me de connexion rapide pr\u00e9-c\u00e2bl\u00e9 avec des connecteurs PV-ST01.<\/p>\n<p>Version 90W 12V Monocristallin<\/p>\n<h4>Fiche technique<\/h4>\n<h5 class=\"sp-title\">CARACT\u00c9RISTIQUES \u00c9LECTRIQUES<\/h5>\n<table id=\"test-bg\" width=\"902\">\n<tbody>\n<tr>\n<td>Type de panneau<\/td>\n<td>Panneau 12V<\/td>\n<\/tr>\n<tr>\n<td>Puissance Pmax<\/td>\n<td>90W<\/td>\n<\/tr>\n<tr>\n<td>Courant de court-circuit* Isc [A]<\/td>\n<td>5.03<\/td>\n<\/tr>\n<tr>\n<td>Tension \u00e0 vide* Uoc [V]<\/td>\n<td>24.06<\/td>\n<\/tr>\n<tr>\n<td>Courant au MPP* Impp [A]<\/td>\n<td>4.59<\/td>\n<\/tr>\n<tr>\n<td>Tension au MPP* Umpp [V]<\/td>\n<td>19.6<\/td>\n<\/tr>\n<tr>\n<td>Tol\u00e9rances de mesure<\/td>\n<td>+\/-3%<\/td>\n<\/tr>\n<\/tbody>\n<\/table>\n<h5 class=\"sp-title\">CARACT\u00c9RISTIQUES M\u00c9CANIQUES<\/h5>\n<table id=\"test-bg\" width=\"902\">\n<tbody>\n<tr>\n<td>Marque<\/td>\n<td>Victron Energy<\/td>\n<\/tr>\n<tr>\n<td>Poids net<\/td>\n<td>6.1 kg<\/td>\n<\/tr>\n<tr>\n<td>Dimensions (H x L x P)<\/td>\n<td>780 x 668 x 30mm<\/td>\n<\/tr>\n<tr>\n<td>Type de cellules<\/td>\n<td>Mono<\/td>\n<\/tr>\n<tr>\n<td>Nombre de cellules<\/td>\n<td>36<\/td>\n<\/tr>\n<tr>\n<td>Cadre<\/td>\n<td>Aluminium<\/td>\n<\/tr>\n<tr>\n<td>Bo\u00eete de jonction<\/td>\n<td>PV-LH0808<\/td>\n<\/tr>\n<tr>\n<td>C\u00e2ble<\/td>\n<td>900 mm<\/td>\n<\/tr>\n<tr>\n<td>Connecteur<\/td>\n<td>MC4<\/td>\n<\/tr>\n<\/tbody>\n<\/table>\n<h5 class=\"sp-title\">CARACT\u00c9RISTIQUES THERMIQUES<\/h5>\n<table id=\"test-bg\" width=\"902\">\n<tbody>\n<tr>\n<td>Coefficient de temp\u00e9rature Isc \u03b1 [%\/K]<\/td>\n<td>+0.037\/\u00b0C<\/td>\n<\/tr>\n<tr>\n<td>Coefficient de temp\u00e9rature Pmpp \u03b3 [%\/K]<\/td>\n<td>-0.48\/\u00b0C<\/td>\n<\/tr>\n<tr>\n<td>Coefficient de temp\u00e9rature Uoc \u03b2 [%\/K]<\/td>\n<td>-0.34\/\u00b0C<\/td>\n<\/tr>\n<\/tbody>\n<\/table>\n<h5 class=\"sp-title\">CARACT\u00c9RISTIQUES DU SYST\u00c8ME<\/h5>\n<table id=\"test-bg\" width=\"902\">\n<tbody>\n<tr>\n<td>Tension maximale du syst\u00e8me (Usys) [V]<\/td>\n<td>1000V<\/td>\n<\/tr>\n<tr>\n<td>Temp\u00e9rature admissible des modules avec un ensoleillement maximal<\/td>\n<td>-40 \u00baC \u00e0 +85 \u00baC<\/td>\n<\/tr>\n<\/tbody>\n<\/table>\n<h5 class=\"sp-title\">GARANTIES ET CERTIFICATS<\/h5>\n<table id=\"test-bg\" width=\"902\">\n<tbody>\n<tr>\n<td>Garantie Constructeur<\/td>\n<td>5 ans<\/td>\n<\/tr>\n<tr>\n<td>Garantie de puissance<\/td>\n<td>10 ans 90 % + 25 ans 80 % de production de puissance<\/td>\n<\/tr>\n<tr>\n<td>Certificats<\/td>\n<td>CE<\/td>\n<\/tr>\n<\/tbody>\n<\/table>","protected":false},"excerpt":{"rendered":"<p>\u2013 Qualit\u00e4t von Victron Energy<\/p>\n<p>\u2013 25 Jahre Produktions-\/Leistungsgarantie<\/p>\n<p>\u2013 90-Watt-Version, 12 Volt monokristallin<\/p>","protected":false},"featured_media":3142,"comment_status":"open","ping_status":"closed","template":"","meta":[],"product_brand":[],"product_cat":[64],"product_tag":[],"class_list":{"0":"post-3141","1":"product","2":"type-product","3":"status-publish","4":"has-post-thumbnail","6":"product_cat-panneau-solaire","8":"first","9":"instock","10":"shipping-taxable","11":"purchasable","12":"product-type-simple"},"acf":[],"_links":{"self":[{"href":"https:\/\/futurtron.fr\/de\/wp-json\/wp\/v2\/product\/3141","targetHints":{"allow":["GET"]}}],"collection":[{"href":"https:\/\/futurtron.fr\/de\/wp-json\/wp\/v2\/product"}],"about":[{"href":"https:\/\/futurtron.fr\/de\/wp-json\/wp\/v2\/types\/product"}],"replies":[{"embeddable":true,"href":"https:\/\/futurtron.fr\/de\/wp-json\/wp\/v2\/comments?post=3141"}],"version-history":[{"count":0,"href":"https:\/\/futurtron.fr\/de\/wp-json\/wp\/v2\/product\/3141\/revisions"}],"wp:featuredmedia":[{"embeddable":true,"href":"https:\/\/futurtron.fr\/de\/wp-json\/wp\/v2\/media\/3142"}],"wp:attachment":[{"href":"https:\/\/futurtron.fr\/de\/wp-json\/wp\/v2\/media?parent=3141"}],"wp:term":[{"taxonomy":"product_brand","embeddable":true,"href":"https:\/\/futurtron.fr\/de\/wp-json\/wp\/v2\/product_brand?post=3141"},{"taxonomy":"product_cat","embeddable":true,"href":"https:\/\/futurtron.fr\/de\/wp-json\/wp\/v2\/product_cat?post=3141"},{"taxonomy":"product_tag","embeddable":true,"href":"https:\/\/futurtron.fr\/de\/wp-json\/wp\/v2\/product_tag?post=3141"}],"curies":[{"name":"wp","href":"https:\/\/api.w.org\/{rel}","templated":true}]}}