{"id":3134,"date":"2024-02-28T10:31:50","date_gmt":"2024-02-28T10:31:50","guid":{"rendered":"https:\/\/futurtron.fr\/?post_type=product&#038;p=3134"},"modified":"2024-05-06T10:21:34","modified_gmt":"2024-05-06T10:21:34","slug":"batterie-200ah-25-6v-lithium-smart-a","status":"publish","type":"product","link":"https:\/\/futurtron.fr\/de\/product\/batterie-200ah-25-6v-lithium-smart-a\/","title":{"rendered":"200 Ah 25,6 V LiTHIUM-Akku \u2013 Smart-a"},"content":{"rendered":"<h5>Pourquoi des batteries lithium fer phosphate ?<\/h5>\n<p>Les batteries lithium fer phosphate (LiFePO4 ou LFP) sont les plus s\u00fbres parmi les batteries au lithium-ion traditionnelles. La tension nominale d\u2019une cellule LFP est de 3,2 V (au plomb : 2 V\/cellule). Une batterie LFP de 12,8 V est compos\u00e9e de 4 cellules connect\u00e9es en s\u00e9rie, et une batterie de 25,6 V est compos\u00e9e de 8 cellules connect\u00e9es en s\u00e9rie.<\/p>\n<h5>Robuste<\/h5>\n<ul>\n<li>Une batterie au plomb tombera en panne pr\u00e9matur\u00e9ment \u00e0 cause de la sulfatation :<br \/>\nSi elle fonctionne en mode d\u00e9ficitaire pendant de longues p\u00e9riodes (c\u2019est \u00e0 dire que la batterie est rarement ou<br \/>\njamais enti\u00e8rement charg\u00e9e).<\/li>\n<li>Si elle est laiss\u00e9e partiellement charg\u00e9e, ou pire, enti\u00e8rement d\u00e9charg\u00e9e (pour des yachts ou mobile-homes au<br \/>\ncours de l\u2019hiver)<\/li>\n<\/ul>\n<p>Il n\u2019est pas n\u00e9cessaire de charger compl\u00e8tement une batterie LFP. La dur\u00e9e de vie s\u2019am\u00e9liore m\u00eame l\u00e9g\u00e8rement en cas de charge partielle au lieu d\u2019une charge compl\u00e8te. Cela repr\u00e9sente un avantage majeur de la batterie LFP par rapport \u00e0 la batterie au plomb.<\/p>\n<p>Ces batteries pr\u00e9sentent d\u2019autres avantages tels qu\u2019une large plage de temp\u00e9rature d\u2019exploitation, une performance<br \/>\nexcellente d\u2019accomplissement de cycle, une r\u00e9sistance interne faible et une efficacit\u00e9 \u00e9lev\u00e9e (voir ci-dessous).<\/p>\n<p>Une batterie LFP est donc la chimie de premier choix pour des applications exigeantes<\/p>\n<h5>Efficiente<\/h5>\n<p>Pour plusieurs applications (en particulier les applications autonomes solaires et\/ou \u00e9oliennes), l\u2019efficience \u00e9nerg\u00e9tique peut \u00eatre d\u2019une importance cruciale.<\/p>\n<p>L\u2019efficacit\u00e9 \u00e9nerg\u00e9tique aller-retour \u2013 d\u00e9charge de 100 % \u00e0 0 % et retour \u00e0 100 % charg\u00e9e \u2013 d\u2019une batterie au plomb moyenne est de 80 %.<\/p>\n<p>L\u2019efficacit\u00e9 \u00e9nerg\u00e9tique aller-retour d\u2019une batterie au lithium-ion est de 92 %.<\/p>\n<p>Le processus de charge des batteries au plomb devient particuli\u00e8rement inefficace quand l\u2019\u00e9tat de charge a atteint 80 %, donnant des efficacit\u00e9s de 50 % ou m\u00eame moins dans le cas des syst\u00e8mes solaires quand plusieurs jours d\u2019\u00e9nergie de r\u00e9serve est n\u00e9cessaire (batterie fonctionnant avec un \u00e9tat de charge de 70 % \u00e0 100 %).<\/p>\n<p>En revanche, une batterie LFP atteindra 90 % d\u2019efficacit\u00e9 dans des conditions de d\u00e9charge l\u00e9g\u00e8re.<\/p>\n<h5>Gr\u00f6\u00dfe und Gewicht<\/h5>\n<p>70 % de gain de place.<br \/>\n70 % de gain de poids.<\/p>\n<h5>Prix \u00e9lev\u00e9 ?<\/h5>\n<p>Les batteries LFP sont tr\u00e8s ch\u00e8res par rapport aux batteries au plomb. Mais pour les applications exigeantes, le co\u00fbt \u00e9lev\u00e9 initial sera plus que compens\u00e9 par une dur\u00e9e de vie prolong\u00e9e, une fiabilit\u00e9 sup\u00e9rieure et une efficacit\u00e9 excellente.<\/p>\n<h5>Bluetooth<\/h5>\n<p>L\u2019\u00e9tat des alarmes de la temp\u00e9rature et des tensions des cellules peut \u00eatre supervis\u00e9 par Bluetooth.<\/p>\n<p>Fonction tr\u00e8s utile pour localiser un (\u00e9ventuel) probl\u00e8me, comme un d\u00e9s\u00e9quilibre sur les cellules par exemple.<\/p>\n<p>Nos batteries LFP sont \u00e9quip\u00e9es de fonctions d\u2019\u00e9quilibrage et de surveillance de cellules. Jusqu\u2019\u00e0 5 batteries peuvent \u00eatre install\u00e9es en parall\u00e8le et jusqu\u2019\u00e0 4 batteries de 12 V ou 2 batteries de 24 V peuvent \u00eatre connect\u00e9es en s\u00e9rie : ainsi un banc de batterie de 48 V jusqu\u2019\u00e0 1500 Ah peut \u00eatre assembl\u00e9. Les c\u00e2bles d\u2019\u00e9quilibrage\/surveillance de cellules peuvent \u00eatre raccord\u00e9s en s\u00e9rie, et ils doivent \u00eatre connect\u00e9s \u00e0 un Syst\u00e8me de gestion de batterie (BMS)<\/p>\n<h5>Syst\u00e8me de gestion de batterie (BMS)<\/h5>\n<p>Le BMS :<\/p>\n<ul>\n<li>D\u00e9clenche une pr\u00e9alarme d\u00e8s que la tension d\u2019une cellule de batterie chute en dessous de 3,1 V (param\u00e8tre r\u00e9glable entre 2,85-3,15 V).<\/li>\n<li>D\u00e9connecte ou \u00e9teint la charge consommatrice chaque fois que la tension d\u2019une cellule de batterie chute en dessous de 2,8 V (param\u00e8tre r\u00e9glable entre 2,6-2,8 V).<\/li>\n<li>Arr\u00eate le processus de charge chaque fois que la tension d\u2019une cellule de batterie d\u00e9passe 3,75 V ou que la temp\u00e9rature d\u00e9passe 60 \u00b0C.<\/li>\n<\/ul>\n<h4 class=\"title-block\">Fiche technique<\/h4>\n<table id=\"test-bg\" width=\"902\">\n<tbody>\n<tr>\n<td width=\"451\"><span class=\"sp-label\">Type de batterie<\/span><\/td>\n<td width=\"451\">\n<div class=\"sp-row\">\n<div class=\"sp-row\">\n<div class=\"sp-row\">LiTHIUM<\/div>\n<\/div>\n<\/div>\n<\/td>\n<\/tr>\n<tr>\n<td id=\"td-bg\" width=\"451\"><span class=\"sp-label\">Tension de batterie<\/span><\/td>\n<td id=\"td-bg\" width=\"451\">24V<\/td>\n<\/tr>\n<tr>\n<td id=\"td-bg\" width=\"451\"><span class=\"sp-label\">Tension nominale<\/span><\/td>\n<td id=\"td-bg\" width=\"451\">\n<div class=\"sp-row\">25.6V<\/div>\n<\/td>\n<\/tr>\n<tr>\n<td width=\"451\"><span class=\"sp-label\">Capacit\u00e9 nominale<\/span><\/td>\n<td width=\"451\">\n<div class=\"sp-row\">\n<div class=\"sp-row\">\n<div class=\"sp-row\">\n<div class=\"sp-row\">\n<div class=\"sp-row\">\n<div class=\"sp-row\">\n<div class=\"sp-row\"><span class=\"sp-value\">200Ah<\/span><\/div>\n<\/div>\n<\/div>\n<\/div>\n<\/div>\n<\/div>\n<\/div>\n<\/td>\n<\/tr>\n<tr>\n<td id=\"td-bg\" width=\"451\"><span class=\"sp-label\">Capacit\u00e9 nominale 25\u00b0C<\/span><\/td>\n<td id=\"td-bg\" width=\"451\">\n<div class=\"sp-row\">\n<div class=\"sp-row\">200Ah<\/div>\n<\/div>\n<\/td>\n<\/tr>\n<tr>\n<td width=\"451\"><span class=\"sp-label\">Capacit\u00e9 nominale 0\u00b0C<\/span><\/td>\n<td width=\"451\">\n<div class=\"sp-row\">\n<div class=\"sp-row\">\n<div class=\"sp-row\">\n<div class=\"sp-row\">160Ah<\/div>\n<\/div>\n<\/div>\n<\/div>\n<\/td>\n<\/tr>\n<tr>\n<td width=\"451\"><span class=\"sp-label\">\u00c9nergie nominale 25\u00b0C<\/span><\/td>\n<td width=\"451\">\n<div class=\"sp-row\">\n<div class=\"sp-row\">\n<div class=\"sp-row\">5120Wh<\/div>\n<\/div>\n<\/div>\n<\/td>\n<\/tr>\n<tr>\n<td width=\"451\"><span class=\"sp-label\">Connexion du BMS<\/span><\/td>\n<td width=\"451\">\n<div class=\"sp-row\">\n<div class=\"sp-row\">\n<div class=\"sp-row\">\n<div class=\"sp-row\">\n<div class=\"sp-row\">\n<div class=\"sp-row\">\n<div class=\"sp-row\">\n<div class=\"sp-row\">\n<div class=\"sp-row\">\n<div class=\"sp-row\">\n<div class=\"sp-row\">\n<div class=\"sp-row\"><span class=\"sp-value\">C\u00e2ble m\u00e2le + femelle avec un connecteur circulaire M8 d\u2019une longueur de 50 cm \/ Les deux d\u2019un c\u00f4t\u00e9<\/span><\/div>\n<\/div>\n<\/div>\n<\/div>\n<\/div>\n<\/div>\n<\/div>\n<\/div>\n<\/div>\n<\/div>\n<\/div>\n<\/div>\n<\/td>\n<\/tr>\n<tr>\n<td id=\"td-bg\" width=\"451\"><span class=\"sp-label\">Tension de charge<\/span><\/td>\n<td id=\"td-bg\" width=\"451\">\n<div class=\"sp-row\">\n<div class=\"sp-row\">\n<div class=\"sp-row\">\n<div class=\"sp-row\">\n<div class=\"sp-row\">\n<div class=\"sp-row\">\n<div class=\"sp-row\">\n<div class=\"sp-row\">\n<div class=\"sp-row\">\n<div class=\"sp-row\">\n<div class=\"sp-row\">\n<div class=\"sp-row\"><span class=\"sp-value\">Entre 14V \/ 28V et 14.4V \/ 28.8V (14.2V \/ 28.4V recommand\u00e9)<\/span><\/div>\n<\/div>\n<\/div>\n<\/div>\n<\/div>\n<\/div>\n<\/div>\n<\/div>\n<\/div>\n<\/div>\n<\/div>\n<\/div>\n<\/td>\n<\/tr>\n<tr>\n<td width=\"451\"><span class=\"sp-label\">Tension float<\/span><\/td>\n<td width=\"451\">\n<div class=\"sp-row\">\n<div class=\"sp-row\">\n<div class=\"sp-row\">\n<div class=\"sp-row\">\n<div class=\"sp-row\">\n<div class=\"sp-row\">\n<div class=\"sp-row\">\n<div class=\"sp-row\">\n<div class=\"sp-row\">\n<div class=\"sp-row\"><span class=\"sp-value\">13.5V \/ 27V<\/span><\/div>\n<\/div>\n<\/div>\n<\/div>\n<\/div>\n<\/div>\n<\/div>\n<\/div>\n<\/div>\n<\/div>\n<\/td>\n<\/tr>\n<tr>\n<td id=\"td-bg\" width=\"451\"><span class=\"sp-label\">Courant de charge recommand\u00e9<\/span><\/td>\n<td id=\"td-bg\" width=\"451\">\n<div class=\"sp-row\">\n<div class=\"sp-row\">\n<div class=\"sp-row\">\n<div class=\"sp-row\">\n<div class=\"sp-row\">\n<div class=\"sp-row\">\n<div class=\"sp-row\">\n<div class=\"sp-row\">\n<div class=\"sp-row\"><span class=\"sp-value\">\u2264100A<\/span><\/div>\n<\/div>\n<\/div>\n<\/div>\n<\/div>\n<\/div>\n<\/div>\n<\/div>\n<\/div>\n<\/td>\n<\/tr>\n<tr>\n<td width=\"451\"><span class=\"sp-label\">Courant de charge max.<\/span><\/td>\n<td width=\"451\">\n<div class=\"sp-row\">\n<div class=\"sp-row\">\n<div class=\"sp-row\">\n<div class=\"sp-row\">\n<div class=\"sp-row\">\n<div class=\"sp-row\">\n<div class=\"sp-row\">\n<div class=\"sp-row\">\n<div class=\"sp-row\">\n<div class=\"sp-row\">\n<div class=\"sp-row\"><span class=\"sp-value\">400A<\/span><\/div>\n<\/div>\n<\/div>\n<\/div>\n<\/div>\n<\/div>\n<\/div>\n<\/div>\n<\/div>\n<\/div>\n<\/div>\n<\/td>\n<\/tr>\n<tr>\n<td id=\"td-bg\" width=\"451\"><span class=\"sp-label\">Courant de d\u00e9charge max.<\/span><\/td>\n<td id=\"td-bg\" width=\"451\">\n<div class=\"sp-row\">\n<div class=\"sp-group\">\n<div class=\"sp-row\">\n<div class=\"sp-group\">\n<div class=\"sp-row\">\n<div class=\"sp-row\">\n<div class=\"sp-row\">\n<div class=\"sp-row\">\n<div class=\"sp-row\">\n<div class=\"sp-row\">\n<div class=\"sp-row\">400A<\/div>\n<\/div>\n<\/div>\n<\/div>\n<\/div>\n<\/div>\n<\/div>\n<\/div>\n<\/div>\n<\/div>\n<\/div>\n<\/td>\n<\/tr>\n<tr>\n<td width=\"451\"><span class=\"sp-label\">Dur\u00e9e de vie \u00e0 d\u00e9charge 80%<\/span><\/td>\n<td width=\"451\">\n<div class=\"sp-row\">\n<div class=\"sp-row\">\n<div class=\"sp-row\">\n<div class=\"sp-row\">\n<div class=\"sp-row\">\n<div class=\"sp-row\">\n<div class=\"sp-row\">\n<div class=\"sp-row\">\n<div class=\"sp-row\">\n<div class=\"sp-row\"><span class=\"sp-value\">2500 cycles<\/span><\/div>\n<\/div>\n<\/div>\n<\/div>\n<\/div>\n<\/div>\n<\/div>\n<\/div>\n<\/div>\n<\/div>\n<\/td>\n<\/tr>\n<tr>\n<td id=\"td-bg\" width=\"451\"><span class=\"sp-label\">Dur\u00e9e de vie \u00e0 d\u00e9charge 50%<\/span><\/td>\n<td id=\"td-bg\" width=\"451\">\n<div class=\"sp-row\">\n<div class=\"sp-row\">\n<div class=\"sp-row\">\n<div class=\"sp-row\">\n<div class=\"sp-row\">\n<div class=\"sp-row\">\n<div class=\"sp-row\">\n<div class=\"sp-row\">\n<div class=\"sp-row\">\n<div class=\"sp-row\"><span class=\"sp-value\">5000 cycles<\/span><\/div>\n<\/div>\n<\/div>\n<\/div>\n<\/div>\n<\/div>\n<\/div>\n<\/div>\n<\/div>\n<\/div>\n<\/td>\n<\/tr>\n<tr>\n<td id=\"td-bg\" width=\"451\">Borne<\/td>\n<td id=\"td-bg\" width=\"451\">\n<div class=\"sp-row\">\n<div class=\"sp-row\">\n<div class=\"sp-row\">\n<div class=\"sp-row\">\n<div class=\"sp-row\">\n<div class=\"sp-row\">\n<div class=\"sp-row\">M8<\/div>\n<\/div>\n<\/div>\n<\/div>\n<\/div>\n<\/div>\n<\/div>\n<\/td>\n<\/tr>\n<tr>\n<td id=\"td-bg\" width=\"451\">Temp\u00e9rature de d\u00e9charge<\/td>\n<td id=\"td-bg\" width=\"451\">\n<div class=\"sp-row\">\n<div class=\"sp-row\">\n<div class=\"sp-row\">\n<div class=\"sp-row\">\n<div class=\"sp-row\">\n<div class=\"sp-row\">\n<div class=\"sp-row\">\n<div class=\"sp-row\">\n<div class=\"sp-row\">\n<div class=\"sp-row\">\n<div class=\"sp-row\"><span class=\"sp-value\">-20\u00b0C ~ +50\u00b0C<\/span><\/div>\n<\/div>\n<\/div>\n<\/div>\n<\/div>\n<\/div>\n<\/div>\n<\/div>\n<\/div>\n<\/div>\n<\/div>\n<\/td>\n<\/tr>\n<tr>\n<td id=\"td-bg\" width=\"451\"><span class=\"sp-label\">Temp\u00e9rature de stockage<\/span><\/td>\n<td id=\"td-bg\" width=\"451\">\n<div class=\"sp-row\">\n<div class=\"sp-row\">\n<div class=\"sp-row\">\n<div class=\"sp-row\">\n<div class=\"sp-row\">\n<div class=\"sp-row\">\n<div class=\"sp-row\">\n<div class=\"sp-row\">\n<div class=\"sp-row\">\n<div class=\"sp-row\">\n<div class=\"sp-row\"><span class=\"sp-value\">-45\u00b0C \u2013 +70\u00b0C<\/span><\/div>\n<\/div>\n<\/div>\n<\/div>\n<\/div>\n<\/div>\n<\/div>\n<\/div>\n<\/div>\n<\/div>\n<\/div>\n<\/td>\n<\/tr>\n<tr>\n<td id=\"td-bg\" width=\"451\">Humidit\u00e9<\/td>\n<td id=\"td-bg\" width=\"451\">\n<div class=\"sp-row\">\n<div class=\"sp-row\">\n<div class=\"sp-row\">\n<div class=\"sp-row\">\n<div class=\"sp-row\">\n<div class=\"sp-row\">\n<div class=\"sp-row\">\n<div class=\"sp-row\">\n<div class=\"sp-row\"><span class=\"sp-value\">95%<\/span><\/div>\n<\/div>\n<\/div>\n<\/div>\n<\/div>\n<\/div>\n<\/div>\n<\/div>\n<\/div>\n<\/td>\n<\/tr>\n<tr>\n<td id=\"td-bg\" width=\"451\"><span class=\"sp-label\">Dimensions (H x L x P)<\/span><\/td>\n<td id=\"td-bg\" width=\"451\">\n<div class=\"sp-row\">\n<div class=\"sp-row\">\n<div class=\"sp-row\">\n<div class=\"sp-row\">\n<div class=\"sp-row\">\n<div class=\"sp-row\">\n<div class=\"sp-row\">\n<div class=\"sp-row\">\n<div class=\"sp-row\">\n<div class=\"sp-row\">\n<div class=\"sp-row\"><span class=\"sp-value\">237 x 650 x 163 mm<\/span><\/div>\n<\/div>\n<\/div>\n<\/div>\n<\/div>\n<\/div>\n<\/div>\n<\/div>\n<\/div>\n<\/div>\n<\/div>\n<\/td>\n<\/tr>\n<tr>\n<td id=\"td-bg\" width=\"451\"><span class=\"sp-label\">Poids net<\/span><\/td>\n<td id=\"td-bg\" width=\"451\">\n<div class=\"sp-row\">\n<div class=\"sp-row\">\n<div class=\"sp-row\">\n<div class=\"sp-row\">\n<div class=\"sp-row\">\n<div class=\"sp-row\">\n<div class=\"sp-row\">\n<div class=\"sp-row\">39<\/div>\n<\/div>\n<\/div>\n<\/div>\n<\/div>\n<\/div>\n<\/div>\n<\/div>\n<\/td>\n<\/tr>\n<tr>\n<td id=\"td-bg\" width=\"451\"><span class=\"sp-label\">Garantie Constructeur<\/span><\/td>\n<td id=\"td-bg\" width=\"451\">\n<div class=\"sp-row\">\n<div class=\"sp-row\">\n<div class=\"sp-row\">\n<div class=\"sp-row\">\n<div class=\"sp-row\">\n<div class=\"sp-row\">\n<div class=\"sp-row\">\n<div class=\"sp-row\">3 ans<\/div>\n<\/div>\n<\/div>\n<\/div>\n<\/div>\n<\/div>\n<\/div>\n<\/div>\n<\/td>\n<\/tr>\n<tr>\n<td id=\"td-bg\" width=\"451\"><span class=\"sp-label\">Certificats<\/span><\/td>\n<td id=\"td-bg\" width=\"451\">CE<\/td>\n<\/tr>\n<\/tbody>\n<\/table>","protected":false},"excerpt":{"rendered":"<p>\u2013 200Ah Speicherkapazit\u00e4t<\/p>\n<p>\u2013 Nennspannung von 24V<\/p>\n<p>\u2013 Qualit\u00e4t von Victron Energy<\/p>","protected":false},"featured_media":3444,"comment_status":"open","ping_status":"closed","template":"","meta":[],"product_brand":[],"product_cat":[56],"product_tag":[],"class_list":{"0":"post-3134","1":"product","2":"type-product","3":"status-publish","4":"has-post-thumbnail","6":"product_cat-24v-lifepo4-batteries","8":"first","9":"instock","10":"shipping-taxable","11":"purchasable","12":"product-type-simple"},"acf":[],"_links":{"self":[{"href":"https:\/\/futurtron.fr\/de\/wp-json\/wp\/v2\/product\/3134","targetHints":{"allow":["GET"]}}],"collection":[{"href":"https:\/\/futurtron.fr\/de\/wp-json\/wp\/v2\/product"}],"about":[{"href":"https:\/\/futurtron.fr\/de\/wp-json\/wp\/v2\/types\/product"}],"replies":[{"embeddable":true,"href":"https:\/\/futurtron.fr\/de\/wp-json\/wp\/v2\/comments?post=3134"}],"version-history":[{"count":1,"href":"https:\/\/futurtron.fr\/de\/wp-json\/wp\/v2\/product\/3134\/revisions"}],"predecessor-version":[{"id":3445,"href":"https:\/\/futurtron.fr\/de\/wp-json\/wp\/v2\/product\/3134\/revisions\/3445"}],"wp:featuredmedia":[{"embeddable":true,"href":"https:\/\/futurtron.fr\/de\/wp-json\/wp\/v2\/media\/3444"}],"wp:attachment":[{"href":"https:\/\/futurtron.fr\/de\/wp-json\/wp\/v2\/media?parent=3134"}],"wp:term":[{"taxonomy":"product_brand","embeddable":true,"href":"https:\/\/futurtron.fr\/de\/wp-json\/wp\/v2\/product_brand?post=3134"},{"taxonomy":"product_cat","embeddable":true,"href":"https:\/\/futurtron.fr\/de\/wp-json\/wp\/v2\/product_cat?post=3134"},{"taxonomy":"product_tag","embeddable":true,"href":"https:\/\/futurtron.fr\/de\/wp-json\/wp\/v2\/product_tag?post=3134"}],"curies":[{"name":"wp","href":"https:\/\/api.w.org\/{rel}","templated":true}]}}