{"id":3115,"date":"2024-02-28T07:15:43","date_gmt":"2024-02-28T07:15:43","guid":{"rendered":"https:\/\/futurtron.fr\/?post_type=product&#038;p=3115"},"modified":"2024-05-06T10:21:41","modified_gmt":"2024-05-06T10:21:41","slug":"12v-lifepo4-batteries-batterie-20ah-12-8v-lithium-superpack","status":"publish","type":"product","link":"https:\/\/futurtron.fr\/de\/product\/12v-lifepo4-batteries-batterie-20ah-12-8v-lithium-superpack\/","title":{"rendered":"20 Ah 12,8 V LiTHIUM-Akku \u2013 SuperPack"},"content":{"rendered":"<h5>20 Ah 12,8 V LiTHIUM-Akku \u2013 SuperPack<\/h5>\n<p>Les batteries SuperPack sont tr\u00e8s faciles \u00e0 installer, et ne requi\u00e8rent aucun \u00e9l\u00e9ment suppl\u00e9mentaire.<\/p>\n<p>L\u2019interrupteur interne permettra de d\u00e9connecter la batterie en cas de d\u00e9charge excessive ou de temp\u00e9rature \u00e9lev\u00e9e.<\/p>\n<p>Les batteries peuvent \u00eatre branch\u00e9es en parall\u00e8le. Le raccordement en s\u00e9rie n\u2019est pas autoris\u00e9.<\/p>\n<h5>Interrupteur de s\u00e9curit\u00e9 et BMS int\u00e9gr\u00e9s<\/h5>\n<p>Les batteries SuperPack sont tr\u00e8s faciles \u00e0 installer, et ne requi\u00e8rent aucun \u00e9l\u00e9ment suppl\u00e9mentaire.<br \/>\nL\u2019interrupteur interne permettra de d\u00e9connecter la batterie en cas de d\u00e9charge excessive ou de temp\u00e9rature \u00e9lev\u00e9e.<\/p>\n<h5>Capables de r\u00e9sister \u00e0 des utilisations pr\u00e9judiciables<\/h5>\n<p>Une batterie au plomb tombera en panne pr\u00e9matur\u00e9ment \u00e0 cause de la sulfatation :<\/p>\n<ul>\n<li>Si elle fonctionne en mode d\u00e9ficitaire pendant de longues p\u00e9riodes (c\u2019est \u00e0 dire que la batterie est rarement ou jamais enti\u00e8rement charg\u00e9e).<\/li>\n<li>Si elle est laiss\u00e9e partiellement charg\u00e9e, ou pire, enti\u00e8rement d\u00e9charg\u00e9e.<\/li>\n<\/ul>\n<p>Il n\u2019est pas n\u00e9cessaire de charger compl\u00e8tement une batterie au lithium-ion. La dur\u00e9e de vie s\u2019am\u00e9liore m\u00eame l\u00e9g\u00e8rement en cas de charge partielle au lieu d\u2019une charge compl\u00e8te. Il s\u2019agit de l\u2019un des avantages majeurs de la batterie au lithium-ion par rapport \u00e0 la batterie au plomb.<br \/>\nLes batteries SuperPack couperont le courant de charge ou de d\u00e9charge lorsque les capacit\u00e9s maximales seront d\u00e9pass\u00e9es.<\/p>\n<h5>Efficiente<\/h5>\n<p>Dans le cas de nombreuses applications (en particulier les applications solaires hors r\u00e9seau), l\u2019efficience \u00e9nerg\u00e9tique peut \u00eatre d\u2019une importance cruciale.<br \/>\nL\u2019efficacit\u00e9 \u00e9nerg\u00e9tique aller-retour \u2013 d\u00e9charge de 100% \u00e0 0 % et retour \u00e0 100 % charg\u00e9e \u2013 d\u2019une batterie au plomb moyenne est de 80%.<br \/>\nL\u2019efficacit\u00e9 \u00e9nerg\u00e9tique aller-retour d\u2019une batterie au lithium-ion est de 92%.<br \/>\nLe processus de charge des batteries au plomb devient particuli\u00e8rement inefficace quand l\u2019\u00e9tat de charge a atteint 80%, donnant des efficacit\u00e9s de 50% ou m\u00eame moins dans le cas des syst\u00e8mes solaires quand plusieurs jours d\u2019\u00e9nergie de r\u00e9serve sont n\u00e9cessaires (batterie fonctionnant avec un \u00e9tat de charge de 70% \u00e0 100%).<br \/>\nEn revanche, une batterie au lithium-ion atteindra 90% d\u2019efficacit\u00e9 m\u00eame dans des conditions de d\u00e9charge l\u00e9g\u00e8re.<\/p>\n<h5>Connexion en parall\u00e8le possible<\/h5>\n<p>Les batteries peuvent \u00eatre raccord\u00e9es en parall\u00e8le. Le raccordement en s\u00e9rie n\u2019est pas autoris\u00e9.<br \/>\n\u00c0 n\u2019utiliser qu\u2019en position verticale.<\/p>\n<p>&nbsp;<\/p>\n<h4 class=\"title-block\">Fiche technique<\/h4>\n<table id=\"test-bg\" width=\"902\">\n<tbody>\n<tr>\n<td>Type de batterie<\/td>\n<td>LiTHIUM<\/td>\n<\/tr>\n<tr>\n<td>Tension de batterie<\/td>\n<td>12V<\/td>\n<\/tr>\n<tr>\n<td>Tension nominale<\/td>\n<td>12.8V<\/td>\n<\/tr>\n<tr>\n<td>Capacit\u00e9 nominale<\/td>\n<td>20Ah<\/td>\n<\/tr>\n<tr>\n<td>Capacit\u00e9 nominale 25\u00b0C<\/td>\n<td>20Ah<\/td>\n<\/tr>\n<tr>\n<td>Capacit\u00e9 nominale 0\u00b0C<\/td>\n<td>16Ah<\/td>\n<\/tr>\n<tr>\n<td>\u00c9nergie nominale 25\u00b0C<\/td>\n<td>256Wh<\/td>\n<\/tr>\n<tr>\n<td>Tension de charge<\/td>\n<td>14.2V \u2013 14.4V<\/td>\n<\/tr>\n<tr>\n<td>Tension float<\/td>\n<td>13.5V<\/td>\n<\/tr>\n<tr>\n<td>Courant de charge max.<\/td>\n<td>15A<\/td>\n<\/tr>\n<tr>\n<td>Courant de d\u00e9charge max.<\/td>\n<td>30A \/ 80A (10s)<\/td>\n<\/tr>\n<tr>\n<td>Dur\u00e9e de vie \u00e0 d\u00e9charge 80%<\/td>\n<td>2500 Cycles<\/td>\n<\/tr>\n<tr>\n<td>Configuration en parall\u00e8le<\/td>\n<td>Oui, illimit\u00e9e<\/td>\n<\/tr>\n<tr>\n<td>Borne<\/td>\n<td>M5<\/td>\n<\/tr>\n<tr>\n<td>Temp\u00e9rature de charge<\/td>\n<td>+5\u00baC \u00e0 +45\u00baC<\/td>\n<\/tr>\n<tr>\n<td>Temp\u00e9rature de d\u00e9charge<\/td>\n<td>-10\u00baC \u00e0 +50\u00baC<\/td>\n<\/tr>\n<tr>\n<td>Temp\u00e9rature de stockage<\/td>\n<td>-40\u00b0C \u00e0 +65\u00b0C<\/td>\n<\/tr>\n<tr>\n<td>Humidit\u00e9<\/td>\n<td>95%<\/td>\n<\/tr>\n<tr>\n<td>Dimensions (H x L x P)<\/td>\n<td>167 x 181 x 77 mm<\/td>\n<\/tr>\n<tr>\n<td>Poids net<\/td>\n<td>3.5<\/td>\n<\/tr>\n<tr>\n<td>Garantie Constructeur<\/td>\n<td>3 ans<\/td>\n<\/tr>\n<tr>\n<td>Certificats<\/td>\n<td>CE<\/td>\n<\/tr>\n<\/tbody>\n<\/table>","protected":false},"excerpt":{"rendered":"<p>\u2013 Integrierter Sicherheitsschalter und BMS<\/p>\n<p>\u2013 Widersteht sch\u00e4dlichen Beanspruchungen<\/p>\n<p>\u2013 Parallelschaltung m\u00f6glich<\/p>","protected":false},"featured_media":3120,"comment_status":"open","ping_status":"closed","template":"","meta":[],"product_brand":[],"product_cat":[55],"product_tag":[],"class_list":{"0":"post-3115","1":"product","2":"type-product","3":"status-publish","4":"has-post-thumbnail","6":"product_cat-12v-lifepo4-batteries","8":"first","9":"instock","10":"shipping-taxable","11":"purchasable","12":"product-type-simple"},"acf":[],"_links":{"self":[{"href":"https:\/\/futurtron.fr\/de\/wp-json\/wp\/v2\/product\/3115","targetHints":{"allow":["GET"]}}],"collection":[{"href":"https:\/\/futurtron.fr\/de\/wp-json\/wp\/v2\/product"}],"about":[{"href":"https:\/\/futurtron.fr\/de\/wp-json\/wp\/v2\/types\/product"}],"replies":[{"embeddable":true,"href":"https:\/\/futurtron.fr\/de\/wp-json\/wp\/v2\/comments?post=3115"}],"version-history":[{"count":0,"href":"https:\/\/futurtron.fr\/de\/wp-json\/wp\/v2\/product\/3115\/revisions"}],"wp:featuredmedia":[{"embeddable":true,"href":"https:\/\/futurtron.fr\/de\/wp-json\/wp\/v2\/media\/3120"}],"wp:attachment":[{"href":"https:\/\/futurtron.fr\/de\/wp-json\/wp\/v2\/media?parent=3115"}],"wp:term":[{"taxonomy":"product_brand","embeddable":true,"href":"https:\/\/futurtron.fr\/de\/wp-json\/wp\/v2\/product_brand?post=3115"},{"taxonomy":"product_cat","embeddable":true,"href":"https:\/\/futurtron.fr\/de\/wp-json\/wp\/v2\/product_cat?post=3115"},{"taxonomy":"product_tag","embeddable":true,"href":"https:\/\/futurtron.fr\/de\/wp-json\/wp\/v2\/product_tag?post=3115"}],"curies":[{"name":"wp","href":"https:\/\/api.w.org\/{rel}","templated":true}]}}