{"id":3272,"date":"2024-03-18T03:22:16","date_gmt":"2024-03-18T03:22:16","guid":{"rendered":"https:\/\/futurtron.fr\/?page_id=3272"},"modified":"2024-03-18T03:37:55","modified_gmt":"2024-03-18T03:37:55","slug":"elimination-de-la-batterie","status":"publish","type":"page","link":"https:\/\/futurtron.fr\/de\/elimination-de-la-batterie\/","title":{"rendered":"Batterieentsorgung"},"content":{"rendered":"<div data-elementor-type=\"wp-page\" data-elementor-id=\"3272\" class=\"elementor elementor-3272\" data-elementor-post-type=\"page\">\n\t\t\t\t\t\t<section class=\"elementor-section elementor-top-section elementor-element elementor-element-3adbb18d elementor-section-boxed elementor-section-height-default elementor-section-height-default\" data-id=\"3adbb18d\" data-element_type=\"section\" data-e-type=\"section\">\n\t\t\t\t\t\t<div class=\"elementor-container elementor-column-gap-default\">\n\t\t\t\t\t<div class=\"elementor-column elementor-col-100 elementor-top-column elementor-element elementor-element-2804c5c6\" data-id=\"2804c5c6\" data-element_type=\"column\" data-e-type=\"column\">\n\t\t\t<div class=\"elementor-widget-wrap elementor-element-populated\">\n\t\t\t\t\t\t<div class=\"elementor-element elementor-element-46773969 elementor-widget elementor-widget-heading\" data-id=\"46773969\" data-element_type=\"widget\" data-e-type=\"widget\" data-widget_type=\"heading.default\">\n\t\t\t\t\t<p class=\"elementor-heading-title elementor-size-default elementor-heading-title\">Batterieentsorgung<\/p>\t\t\t\t<\/div>\n\t\t\t\t<div class=\"elementor-element elementor-element-2475781f elementor-widget elementor-widget-text-editor\" data-id=\"2475781f\" data-element_type=\"widget\" data-e-type=\"widget\" data-widget_type=\"text-editor.default\">\n\t\t\t\t\t\t\t\t\t<p>Anweisungen zur Batterieentsorgung<\/p>\t\t\t\t\t\t\t\t<\/div>\n\t\t\t\t<div class=\"elementor-element elementor-element-78f83388 elementor-widget elementor-widget-heading\" data-id=\"78f83388\" data-element_type=\"widget\" data-e-type=\"widget\" data-widget_type=\"heading.default\">\n\t\t\t\t\t<p class=\"elementor-heading-title elementor-size-default elementor-heading-title\">1. Kostenlose R\u00fcckgabe gebrauchter Batterien<\/p>\t\t\t\t<\/div>\n\t\t\t\t<div class=\"elementor-element elementor-element-2900187 elementor-widget elementor-widget-text-editor\" data-id=\"2900187\" data-element_type=\"widget\" data-e-type=\"widget\" data-widget_type=\"text-editor.default\">\n\t\t\t\t\t\t\t\t\t<p>Batterien d\u00fcrfen nicht im Hausm\u00fcll entsorgt werden. Als Endverbraucher sind Sie zur R\u00fcckgabe gebrauchter Batterien gesetzlich verpflichtet, um eine fachgerechte Entsorgung sicherzustellen. Sie k\u00f6nnen Batterien nach Gebrauch in der Verkaufsstelle oder in deren unmittelbarer N\u00e4he (z. B. bei kommunalen Sammelstellen oder im Handel) unentgeltlich zur\u00fcckgeben.<\/p>\t\t\t\t\t\t\t\t<\/div>\n\t\t\t\t<div class=\"elementor-element elementor-element-664da903 elementor-widget elementor-widget-heading\" data-id=\"664da903\" data-element_type=\"widget\" data-e-type=\"widget\" data-widget_type=\"heading.default\">\n\t\t\t\t\t<p class=\"elementor-heading-title elementor-size-default elementor-heading-title\">2. Bedeutung der Symbole<\/p>\t\t\t\t<\/div>\n\t\t\t\t<div class=\"elementor-element elementor-element-72154023 elementor-widget elementor-widget-text-editor\" data-id=\"72154023\" data-element_type=\"widget\" data-e-type=\"widget\" data-widget_type=\"text-editor.default\">\n\t\t\t\t\t\t\t\t\t<p>Schadstoffhaltige Batterien oder Akkus sind mit dem durchgekreuzten M\u00fclltonnen-Symbol gekennzeichnet. Dieses Symbol weist darauf hin, dass Batterien nicht im Hausm\u00fcll entsorgt werden d\u00fcrfen. Die chemische Bezeichnung des Schadstoffs befindet sich neben dem M\u00fclltonnensymbol. Cd steht f\u00fcr Cadmium, Pb f\u00fcr Blei und Hg f\u00fcr Quecksilber.<\/p>\t\t\t\t\t\t\t\t<\/div>\n\t\t\t\t\t<\/div>\n\t\t<\/div>\n\t\t\t\t\t<\/div>\n\t\t<\/section>\n\t\t\t\t<\/div>","protected":false},"excerpt":{"rendered":"<p>\u00e9limination de la batterie Instructions de mise au rebut de la batterie 1. Reprise gratuite des piles usag\u00e9es&#8230;<\/p>","protected":false},"author":1,"featured_media":0,"parent":0,"menu_order":0,"comment_status":"closed","ping_status":"closed","template":"elementor_header_footer","meta":{"footnotes":""},"class_list":["post-3272","page","type-page","status-publish","hentry"],"acf":[],"_links":{"self":[{"href":"https:\/\/futurtron.fr\/de\/wp-json\/wp\/v2\/pages\/3272","targetHints":{"allow":["GET"]}}],"collection":[{"href":"https:\/\/futurtron.fr\/de\/wp-json\/wp\/v2\/pages"}],"about":[{"href":"https:\/\/futurtron.fr\/de\/wp-json\/wp\/v2\/types\/page"}],"author":[{"embeddable":true,"href":"https:\/\/futurtron.fr\/de\/wp-json\/wp\/v2\/users\/1"}],"replies":[{"embeddable":true,"href":"https:\/\/futurtron.fr\/de\/wp-json\/wp\/v2\/comments?post=3272"}],"version-history":[{"count":4,"href":"https:\/\/futurtron.fr\/de\/wp-json\/wp\/v2\/pages\/3272\/revisions"}],"predecessor-version":[{"id":3346,"href":"https:\/\/futurtron.fr\/de\/wp-json\/wp\/v2\/pages\/3272\/revisions\/3346"}],"wp:attachment":[{"href":"https:\/\/futurtron.fr\/de\/wp-json\/wp\/v2\/media?parent=3272"}],"curies":[{"name":"wp","href":"https:\/\/api.w.org\/{rel}","templated":true}]}}