{"id":3271,"date":"2024-03-18T03:21:19","date_gmt":"2024-03-18T03:21:19","guid":{"rendered":"https:\/\/futurtron.fr\/?page_id=3271"},"modified":"2024-03-18T03:33:07","modified_gmt":"2024-03-18T03:33:07","slug":"clause-de-non-responsabilite","status":"publish","type":"page","link":"https:\/\/futurtron.fr\/de\/clause-de-non-responsabilite\/","title":{"rendered":"Haftungsausschluss"},"content":{"rendered":"<div data-elementor-type=\"wp-page\" data-elementor-id=\"3271\" class=\"elementor elementor-3271\" data-elementor-post-type=\"page\">\n\t\t\t\t\t\t<section class=\"elementor-section elementor-top-section elementor-element elementor-element-2126a8ff elementor-section-boxed elementor-section-height-default elementor-section-height-default\" data-id=\"2126a8ff\" data-element_type=\"section\" data-e-type=\"section\">\n\t\t\t\t\t\t<div class=\"elementor-container elementor-column-gap-default\">\n\t\t\t\t\t<div class=\"elementor-column elementor-col-100 elementor-top-column elementor-element elementor-element-615e9c31\" data-id=\"615e9c31\" data-element_type=\"column\" data-e-type=\"column\">\n\t\t\t<div class=\"elementor-widget-wrap elementor-element-populated\">\n\t\t\t\t\t\t<div class=\"elementor-element elementor-element-6208f9bd elementor-widget elementor-widget-heading\" data-id=\"6208f9bd\" data-element_type=\"widget\" data-e-type=\"widget\" data-widget_type=\"heading.default\">\n\t\t\t\t\t<p class=\"elementor-heading-title elementor-size-default elementor-heading-title\">Haftungsausschluss<\/p>\t\t\t\t<\/div>\n\t\t\t\t<div class=\"elementor-element elementor-element-25b3012a elementor-widget elementor-widget-text-editor\" data-id=\"25b3012a\" data-element_type=\"widget\" data-e-type=\"widget\" data-widget_type=\"text-editor.default\">\n\t\t\t\t\t\t\t\t\t<p>FUTURTRON\u00a0ist bestrebt, diese Website zeitnah auf dem neuesten Stand zu halten. Sollten Sie jedoch auf ein Problem oder veraltete Daten sto\u00dfen, w\u00fcrden wir uns freuen, wenn Sie uns dies mitteilen. Bitte geben Sie an, wo auf der Website Sie die falschen Informationen gelesen haben. Wir werden dies so schnell wie m\u00f6glich pr\u00fcfen. Bitte senden Sie Ihre Antwort per E-Mail an: info@futurtron.fr.<\/p>\t\t\t\t\t\t\t\t<\/div>\n\t\t\t\t<div class=\"elementor-element elementor-element-5c1d6d06 elementor-widget elementor-widget-text-editor\" data-id=\"5c1d6d06\" data-element_type=\"widget\" data-e-type=\"widget\" data-widget_type=\"text-editor.default\">\n\t\t\t\t\t\t\t\t\t<p>Wir haften nicht f\u00fcr Verluste, die durch Ungenauigkeiten oder Unvollst\u00e4ndigkeiten entstehen, noch f\u00fcr Verluste, die sich aus Problemen ergeben, die durch die Verbreitung von Informationen \u00fcber das Internet verursacht werden oder damit einhergehen, wie etwa St\u00f6rungen oder Unterbrechungen. Bei der Nutzung von Webformularen sind wir bestrebt, die Anzahl der Pflichtfelder auf ein Minimum zu beschr\u00e4nken. F\u00fcr Verluste, die durch die Verwendung von Daten, Ratschl\u00e4gen oder Ideen entstehen, die von oder im Namen von FUTURTRON \u00fcber diese Website bereitgestellt werden, \u00fcbernimmt FUTURTRON keine Haftung.<\/p>\t\t\t\t\t\t\t\t<\/div>\n\t\t\t\t<div class=\"elementor-element elementor-element-139fe00f elementor-widget elementor-widget-text-editor\" data-id=\"139fe00f\" data-element_type=\"widget\" data-e-type=\"widget\" data-widget_type=\"text-editor.default\">\n\t\t\t\t\t\t\t\t\t<p>Die Nutzung der Website und aller ihrer Komponenten (einschlie\u00dflich Foren) unterliegt den Nutzungsbedingungen. Die einfache Nutzung dieser Website setzt die Kenntnis und Akzeptanz dieser Nutzungsbedingungen voraus.<\/p>\t\t\t\t\t\t\t\t<\/div>\n\t\t\t\t<div class=\"elementor-element elementor-element-d14da8f elementor-widget elementor-widget-text-editor\" data-id=\"d14da8f\" data-element_type=\"widget\" data-e-type=\"widget\" data-widget_type=\"text-editor.default\">\n\t\t\t\t\t\t\t\t\t<p>Antworten und Anfragen nach personenbezogenen Daten, die per E-Mail oder \u00fcber ein Webformular \u00fcbermittelt werden, werden genauso behandelt wie Briefe. Das bedeutet, dass Sie sp\u00e4testens innerhalb eines Monats mit einer Antwort von uns rechnen k\u00f6nnen. Bei komplexen Anfragen teilen wir Ihnen innerhalb eines Monats mit, ob wir einen Zeitraum von maximal 3 Monaten ben\u00f6tigen.<\/p>\t\t\t\t\t\t\t\t<\/div>\n\t\t\t\t<div class=\"elementor-element elementor-element-4a9e973b elementor-widget elementor-widget-text-editor\" data-id=\"4a9e973b\" data-element_type=\"widget\" data-e-type=\"widget\" data-widget_type=\"text-editor.default\">\n\t\t\t\t\t\t\t\t\t<p>Alle personenbezogenen Daten, die Sie uns im Rahmen Ihrer Antwort oder Informationsanfrage zur Verf\u00fcgung stellen, werden nur in \u00dcbereinstimmung mit unserer Datenschutzerkl\u00e4rung verwendet.<\/p>\t\t\t\t\t\t\t\t<\/div>\n\t\t\t\t<div class=\"elementor-element elementor-element-3fa3e0c5 elementor-widget elementor-widget-text-editor\" data-id=\"3fa3e0c5\" data-element_type=\"widget\" data-e-type=\"widget\" data-widget_type=\"text-editor.default\">\n\t\t\t\t\t\t\t\t\t<p>FUTURTRON\u00a0muss alle Anstrengungen unternehmen, um seine Systeme vor jeglicher Form rechtswidriger Nutzung zu sch\u00fctzen. FUTURTRON muss hierzu geeignete technische und organisatorische Ma\u00dfnahmen ergreifen, die unter anderem den Stand der Technik ber\u00fccksichtigen. Sie kann jedoch nicht f\u00fcr direkte und\/oder indirekte Sch\u00e4den jeglicher Art haftbar gemacht werden, die einem Benutzer der Website durch die illegale Nutzung ihrer Systeme durch Dritte entstehen.<\/p>\t\t\t\t\t\t\t\t<\/div>\n\t\t\t\t<div class=\"elementor-element elementor-element-487aea47 elementor-widget elementor-widget-text-editor\" data-id=\"487aea47\" data-element_type=\"widget\" data-e-type=\"widget\" data-widget_type=\"text-editor.default\">\n\t\t\t\t\t\t\t\t\t<p>FUTURTRON\u00a0\u00fcbernimmt keinerlei Verantwortung f\u00fcr den Inhalt von Websites, auf die oder von denen aus ein Hyperlink oder ein anderer Verweis erfolgt. Von Dritten angebotene Produkte oder Dienstleistungen unterliegen den geltenden Gesch\u00e4ftsbedingungen dieser Dritten.<\/p>\t\t\t\t\t\t\t\t<\/div>\n\t\t\t\t<div class=\"elementor-element elementor-element-70b58275 elementor-widget__width-initial elementor-widget elementor-widget-text-editor\" data-id=\"70b58275\" data-element_type=\"widget\" data-e-type=\"widget\" data-widget_type=\"text-editor.default\">\n\t\t\t\t\t\t\t\t\t<p>Unsere Mitarbeiter sind bestrebt, die Barrierefreiheit unserer Website sicherzustellen und diese kontinuierlich zu verbessern. Auch f\u00fcr Menschen, die aufgrund einer Behinderung spezielle Software nutzen.<\/p>\t\t\t\t\t\t\t\t<\/div>\n\t\t\t\t<div class=\"elementor-element elementor-element-96ef972 elementor-widget elementor-widget-text-editor\" data-id=\"96ef972\" data-element_type=\"widget\" data-e-type=\"widget\" data-widget_type=\"text-editor.default\">\n\t\t\t\t\t\t\t\t\t<p>Alle geistigen Eigentumsrechte an den Inhalten dieser Website liegen bei FUTURTRON oder bei Dritten, die die Inhalte selbst eingestellt haben oder von denen FUTURTRON eine Lizenz zur Nutzung erhalten hat.<\/p>\t\t\t\t\t\t\t\t<\/div>\n\t\t\t\t<div class=\"elementor-element elementor-element-9be983b elementor-widget elementor-widget-text-editor\" data-id=\"9be983b\" data-element_type=\"widget\" data-e-type=\"widget\" data-widget_type=\"text-editor.default\">\n\t\t\t\t\t\t\t\t\t<p>Eine Vervielf\u00e4ltigung, Verbreitung und sonstige Nutzung dieser Unterlagen ist ohne schriftliche Genehmigung von FUTURTRON untersagt, sofern und soweit nicht zwingende Vorschriften (z. B. das Zitatrecht) dies erfordern, sofern sich aus dem Inhalt nichts anderes ergibt.<\/p>\t\t\t\t\t\t\t\t<\/div>\n\t\t\t\t<div class=\"elementor-element elementor-element-103f7ce elementor-widget elementor-widget-text-editor\" data-id=\"103f7ce\" data-element_type=\"widget\" data-e-type=\"widget\" data-widget_type=\"text-editor.default\">\n\t\t\t\t\t\t\t\t\t<p>Wenn Sie Fragen oder Probleme mit der Barrierefreiheit der Website haben, z\u00f6gern Sie bitte nicht, uns zu kontaktieren.<\/p>\t\t\t\t\t\t\t\t<\/div>\n\t\t\t\t\t<\/div>\n\t\t<\/div>\n\t\t\t\t\t<\/div>\n\t\t<\/section>\n\t\t\t\t<\/div>","protected":false},"excerpt":{"rendered":"<p>Clause de non-responsabilit\u00e9 FUTURTRON\u00a0s\u2019engage \u00e0 maintenir ce site web \u00e0 jour en temps et en heure. Si toutefois&#8230;<\/p>","protected":false},"author":1,"featured_media":0,"parent":0,"menu_order":0,"comment_status":"closed","ping_status":"closed","template":"elementor_header_footer","meta":{"footnotes":""},"class_list":["post-3271","page","type-page","status-publish","hentry"],"acf":[],"_links":{"self":[{"href":"https:\/\/futurtron.fr\/de\/wp-json\/wp\/v2\/pages\/3271","targetHints":{"allow":["GET"]}}],"collection":[{"href":"https:\/\/futurtron.fr\/de\/wp-json\/wp\/v2\/pages"}],"about":[{"href":"https:\/\/futurtron.fr\/de\/wp-json\/wp\/v2\/types\/page"}],"author":[{"embeddable":true,"href":"https:\/\/futurtron.fr\/de\/wp-json\/wp\/v2\/users\/1"}],"replies":[{"embeddable":true,"href":"https:\/\/futurtron.fr\/de\/wp-json\/wp\/v2\/comments?post=3271"}],"version-history":[{"count":10,"href":"https:\/\/futurtron.fr\/de\/wp-json\/wp\/v2\/pages\/3271\/revisions"}],"predecessor-version":[{"id":3342,"href":"https:\/\/futurtron.fr\/de\/wp-json\/wp\/v2\/pages\/3271\/revisions\/3342"}],"wp:attachment":[{"href":"https:\/\/futurtron.fr\/de\/wp-json\/wp\/v2\/media?parent=3271"}],"curies":[{"name":"wp","href":"https:\/\/api.w.org\/{rel}","templated":true}]}}