{"id":3269,"date":"2024-03-18T02:57:21","date_gmt":"2024-03-18T02:57:21","guid":{"rendered":"https:\/\/futurtron.fr\/?page_id=3269"},"modified":"2024-03-18T03:08:52","modified_gmt":"2024-03-18T03:08:52","slug":"conditions-de-paiement-et-dexpedition","status":"publish","type":"page","link":"https:\/\/futurtron.fr\/de\/conditions-de-paiement-et-dexpedition\/","title":{"rendered":"Conditions de paiement et d&#8217;exp\u00e9dition"},"content":{"rendered":"<div data-elementor-type=\"wp-page\" data-elementor-id=\"3269\" class=\"elementor elementor-3269\" data-elementor-post-type=\"page\">\n\t\t\t\t\t\t<section class=\"elementor-section elementor-top-section elementor-element elementor-element-145e9612 elementor-section-boxed elementor-section-height-default elementor-section-height-default\" data-id=\"145e9612\" data-element_type=\"section\" data-e-type=\"section\">\n\t\t\t\t\t\t<div class=\"elementor-container elementor-column-gap-default\">\n\t\t\t\t\t<div class=\"elementor-column elementor-col-100 elementor-top-column elementor-element elementor-element-53979ade\" data-id=\"53979ade\" data-element_type=\"column\" data-e-type=\"column\">\n\t\t\t<div class=\"elementor-widget-wrap elementor-element-populated\">\n\t\t\t\t\t\t<div class=\"elementor-element elementor-element-59a1de08 elementor-widget elementor-widget-heading\" data-id=\"59a1de08\" data-element_type=\"widget\" data-e-type=\"widget\" data-widget_type=\"heading.default\">\n\t\t\t\t\t<p class=\"elementor-heading-title elementor-size-default elementor-heading-title\">Zahlungs- und Versandbedingungen<\/p>\t\t\t\t<\/div>\n\t\t\t\t<div class=\"elementor-element elementor-element-5e371bcb elementor-widget elementor-widget-heading\" data-id=\"5e371bcb\" data-element_type=\"widget\" data-e-type=\"widget\" data-widget_type=\"heading.default\">\n\t\t\t\t\t<p class=\"elementor-heading-title elementor-size-default elementor-heading-title\">1. Zahlungsarten<\/p>\t\t\t\t<\/div>\n\t\t\t\t<div class=\"elementor-element elementor-element-3e8ad1aa elementor-widget elementor-widget-text-editor\" data-id=\"3e8ad1aa\" data-element_type=\"widget\" data-e-type=\"widget\" data-widget_type=\"text-editor.default\">\n\t\t\t\t\t\t\t\t\t<p>Paypal<\/p>\t\t\t\t\t\t\t\t<\/div>\n\t\t\t\t<div class=\"elementor-element elementor-element-9b18769 elementor-widget elementor-widget-text-editor\" data-id=\"9b18769\" data-element_type=\"widget\" data-e-type=\"widget\" data-widget_type=\"text-editor.default\">\n\t\t\t\t\t\t\t\t\t<p>Sie k\u00f6nnen Ihre Ware schnell und einfach \u00fcber PayPal bezahlen. W\u00e4hlen Sie im Bestellvorgang einfach die Zahlungsart PayPal aus. Anschlie\u00dfend werden Sie zum Abschluss des Bestellvorgangs auf die PayPal-Seite weitergeleitet und k\u00f6nnen dort direkt bezahlen.<\/p>\t\t\t\t\t\t\t\t<\/div>\n\t\t\t\t<div class=\"elementor-element elementor-element-161c336 elementor-widget elementor-widget-text-editor\" data-id=\"161c336\" data-element_type=\"widget\" data-e-type=\"widget\" data-widget_type=\"text-editor.default\">\n\t\t\t\t\t\t\t\t\t<p>Kreditkarte<\/p>\t\t\t\t\t\t\t\t<\/div>\n\t\t\t\t<div class=\"elementor-element elementor-element-30b8d4cf elementor-widget elementor-widget-text-editor\" data-id=\"30b8d4cf\" data-element_type=\"widget\" data-e-type=\"widget\" data-widget_type=\"text-editor.default\">\n\t\t\t\t\t\t\t\t\t<p>Diese Zahlungsart k\u00f6nnen Sie im Bestellvorgang ausw\u00e4hlen und nach Ihrer Bestellung schnell und sicher bezahlen. Ihre Kreditkartendaten werden von uns nicht gespeichert.<\/p>\t\t\t\t\t\t\t\t<\/div>\n\t\t\t\t<div class=\"elementor-element elementor-element-3307d689 elementor-widget elementor-widget-text-editor\" data-id=\"3307d689\" data-element_type=\"widget\" data-e-type=\"widget\" data-widget_type=\"text-editor.default\">\n\t\t\t\t\t\t\t\t\t<p>Sofern die von Ihnen ausgew\u00e4hlten Artikel vorr\u00e4tig sind, versenden wir Ihre Ware umgehend.<\/p>\t\t\t\t\t\t\t\t<\/div>\n\t\t\t\t<div class=\"elementor-element elementor-element-855dea2 elementor-widget elementor-widget-text-editor\" data-id=\"855dea2\" data-element_type=\"widget\" data-e-type=\"widget\" data-widget_type=\"text-editor.default\">\n\t\t\t\t\t\t\t\t\t<p>Die Belastung Ihres Kreditkartenkontos erfolgt mit Abschluss der Bestellung.<\/p>\t\t\t\t\t\t\t\t<\/div>\n\t\t\t\t<div class=\"elementor-element elementor-element-4d780961 elementor-widget elementor-widget-heading\" data-id=\"4d780961\" data-element_type=\"widget\" data-e-type=\"widget\" data-widget_type=\"heading.default\">\n\t\t\t\t\t<p class=\"elementor-heading-title elementor-size-default elementor-heading-title\">2. Versandkosten<\/p>\t\t\t\t<\/div>\n\t\t\t\t<div class=\"elementor-element elementor-element-138544ce elementor-widget elementor-widget-text-editor\" data-id=\"138544ce\" data-element_type=\"widget\" data-e-type=\"widget\" data-widget_type=\"text-editor.default\">\n\t\t\t\t\t\t\t\t\t<p>Die Versandkosten werden automatisch anhand Ihrer Lieferadresse berechnet, sobald Sie Ihre Postleitzahl eingeben.<\/p>\t\t\t\t\t\t\t\t<\/div>\n\t\t\t\t<div class=\"elementor-element elementor-element-59389671 elementor-widget elementor-widget-heading\" data-id=\"59389671\" data-element_type=\"widget\" data-e-type=\"widget\" data-widget_type=\"heading.default\">\n\t\t\t\t\t<p class=\"elementor-heading-title elementor-size-default elementor-heading-title\">3. Lieferzeiten<\/p>\t\t\t\t<\/div>\n\t\t\t\t<div class=\"elementor-element elementor-element-15c4dc9b elementor-widget elementor-widget-text-editor\" data-id=\"15c4dc9b\" data-element_type=\"widget\" data-e-type=\"widget\" data-widget_type=\"text-editor.default\">\n\t\t\t\t\t\t\t\t\t<p>Sofern im jeweiligen Angebot keine andere Frist angegeben ist, erfolgt die Lieferung der Ware im Inland (Frankreich) innerhalb von 2 bis 5 Werktagen, bei Lieferungen ins Ausland (in Europa) innerhalb von 6 bis 13 Werktagen nach Vertragsschluss (bei Vorkasse). vereinbart, nach dem Datum Ihrer Zahlungsanweisung).<\/p>\t\t\t\t\t\t\t\t<\/div>\n\t\t\t\t<div class=\"elementor-element elementor-element-2a96d82c elementor-widget elementor-widget-text-editor\" data-id=\"2a96d82c\" data-element_type=\"widget\" data-e-type=\"widget\" data-widget_type=\"text-editor.default\">\n\t\t\t\t\t\t\t\t\t<p>An Sonn- und Feiertagen erfolgt keine Zustellung.<\/p>\t\t\t\t\t\t\t\t<\/div>\n\t\t\t\t<div class=\"elementor-element elementor-element-de55e49 elementor-widget elementor-widget-text-editor\" data-id=\"de55e49\" data-element_type=\"widget\" data-e-type=\"widget\" data-widget_type=\"text-editor.default\">\n\t\t\t\t\t\t\t\t\t<p>Wenn Sie Artikel mit unterschiedlichen Lieferzeiten bestellt haben, versenden wir die Ware in einer gemeinsamen Sendung, sofern wir keine anderen Vereinbarungen mit Ihnen getroffen haben. In diesem Fall richtet sich die Lieferzeit nach dem von Ihnen bestellten Artikel mit der l\u00e4ngsten Lieferzeit.<\/p>\t\t\t\t\t\t\t\t<\/div>\n\t\t\t\t\t<\/div>\n\t\t<\/div>\n\t\t\t\t\t<\/div>\n\t\t<\/section>\n\t\t\t\t<\/div>","protected":false},"excerpt":{"rendered":"<p>Conditions de paiement et d&#8217;exp\u00e9dition 1. Modes de paiement Pay Pal Vous pouvez payer vos marchandises rapidement et&#8230;<\/p>","protected":false},"author":1,"featured_media":0,"parent":0,"menu_order":0,"comment_status":"closed","ping_status":"closed","template":"elementor_header_footer","meta":{"footnotes":""},"class_list":["post-3269","page","type-page","status-publish","hentry"],"acf":[],"_links":{"self":[{"href":"https:\/\/futurtron.fr\/de\/wp-json\/wp\/v2\/pages\/3269","targetHints":{"allow":["GET"]}}],"collection":[{"href":"https:\/\/futurtron.fr\/de\/wp-json\/wp\/v2\/pages"}],"about":[{"href":"https:\/\/futurtron.fr\/de\/wp-json\/wp\/v2\/types\/page"}],"author":[{"embeddable":true,"href":"https:\/\/futurtron.fr\/de\/wp-json\/wp\/v2\/users\/1"}],"replies":[{"embeddable":true,"href":"https:\/\/futurtron.fr\/de\/wp-json\/wp\/v2\/comments?post=3269"}],"version-history":[{"count":16,"href":"https:\/\/futurtron.fr\/de\/wp-json\/wp\/v2\/pages\/3269\/revisions"}],"predecessor-version":[{"id":3319,"href":"https:\/\/futurtron.fr\/de\/wp-json\/wp\/v2\/pages\/3269\/revisions\/3319"}],"wp:attachment":[{"href":"https:\/\/futurtron.fr\/de\/wp-json\/wp\/v2\/media?parent=3269"}],"curies":[{"name":"wp","href":"https:\/\/api.w.org\/{rel}","templated":true}]}}