{"id":3268,"date":"2024-03-18T02:12:02","date_gmt":"2024-03-18T02:12:02","guid":{"rendered":"https:\/\/futurtron.fr\/?page_id=3268"},"modified":"2024-03-18T02:51:41","modified_gmt":"2024-03-18T02:51:41","slug":"conditions-dutilisation","status":"publish","type":"page","link":"https:\/\/futurtron.fr\/de\/conditions-dutilisation\/","title":{"rendered":"Conditions d&#8217;utilisation"},"content":{"rendered":"<div data-elementor-type=\"wp-page\" data-elementor-id=\"3268\" class=\"elementor elementor-3268\" data-elementor-post-type=\"page\">\n\t\t\t\t\t\t<section class=\"elementor-section elementor-top-section elementor-element elementor-element-9f7ee8f elementor-section-boxed elementor-section-height-default elementor-section-height-default\" data-id=\"9f7ee8f\" data-element_type=\"section\" data-e-type=\"section\">\n\t\t\t\t\t\t<div class=\"elementor-container elementor-column-gap-default\">\n\t\t\t\t\t<div class=\"elementor-column elementor-col-100 elementor-top-column elementor-element elementor-element-9a6a0dc\" data-id=\"9a6a0dc\" data-element_type=\"column\" data-e-type=\"column\">\n\t\t\t<div class=\"elementor-widget-wrap elementor-element-populated\">\n\t\t\t\t\t\t<div class=\"elementor-element elementor-element-d60830a elementor-widget elementor-widget-heading\" data-id=\"d60830a\" data-element_type=\"widget\" data-e-type=\"widget\" data-widget_type=\"heading.default\">\n\t\t\t\t\t<p class=\"elementor-heading-title elementor-size-default elementor-heading-title\">Nutzungsbedingungen<\/p>\t\t\t\t<\/div>\n\t\t\t\t<div class=\"elementor-element elementor-element-3f38315 elementor-widget elementor-widget-heading\" data-id=\"3f38315\" data-element_type=\"widget\" data-e-type=\"widget\" data-widget_type=\"heading.default\">\n\t\t\t\t\t<p class=\"elementor-heading-title elementor-size-default elementor-heading-title\">1. Geltungsbereich<\/p>\t\t\t\t<\/div>\n\t\t\t\t<div class=\"elementor-element elementor-element-0a66dbf elementor-widget elementor-widget-text-editor\" data-id=\"0a66dbf\" data-element_type=\"widget\" data-e-type=\"widget\" data-widget_type=\"text-editor.default\">\n\t\t\t\t\t\t\t\t\tDie nachstehenden Allgemeinen Gesch\u00e4ftsbedingungen gelten f\u00fcr alle Bestellungen \u00fcber unseren Online-Shop durch Verbraucher und Unternehmer.\t\t\t\t\t\t\t\t<\/div>\n\t\t\t\t<div class=\"elementor-element elementor-element-5417052 elementor-widget elementor-widget-text-editor\" data-id=\"5417052\" data-element_type=\"widget\" data-e-type=\"widget\" data-widget_type=\"text-editor.default\">\n\t\t\t\t\t\t\t\t\t<p>Verbraucher ist jede nat\u00fcrliche Person, die ein Rechtsgesch\u00e4ft zu Zwecken abschlie\u00dft, die \u00fcberwiegend weder ihrer gewerblichen noch ihrer selbst\u00e4ndigen T\u00e4tigkeit zugerechnet werden k\u00f6nnen. Unternehmer ist eine nat\u00fcrliche oder juristische Person oder eine rechtsf\u00e4hige Personengesellschaft, die bei Abschluss eines Rechtsgesch\u00e4fts in Aus\u00fcbung ihrer gewerblichen oder selbst\u00e4ndigen beruflichen T\u00e4tigkeit handelt.<\/p>\t\t\t\t\t\t\t\t<\/div>\n\t\t\t\t<div class=\"elementor-element elementor-element-529ceb6 elementor-widget elementor-widget-text-editor\" data-id=\"529ceb6\" data-element_type=\"widget\" data-e-type=\"widget\" data-widget_type=\"text-editor.default\">\n\t\t\t\t\t\t\t\t\t<p>Dies gilt f\u00fcr Unternehmer: Wenn der Unternehmer allgemeine, gegenteilige oder erg\u00e4nzende Bedingungen nutzt, ist seine G\u00fcltigkeit unverbindlich. Es liegt keine Vertragspartei vor, mit der wir ausdr\u00fccklich einverstanden sind.<\/p>\t\t\t\t\t\t\t\t<\/div>\n\t\t\t\t<div class=\"elementor-element elementor-element-206c7cb elementor-widget elementor-widget-heading\" data-id=\"206c7cb\" data-element_type=\"widget\" data-e-type=\"widget\" data-widget_type=\"heading.default\">\n\t\t\t\t\t<p class=\"elementor-heading-title elementor-size-default elementor-heading-title\">2. Vertragspartner, Vertragsschluss, Korrekturm\u00f6glichkeiten<\/p>\t\t\t\t<\/div>\n\t\t\t\t<div class=\"elementor-element elementor-element-58ecc88 elementor-widget elementor-widget-text-editor\" data-id=\"58ecc88\" data-element_type=\"widget\" data-e-type=\"widget\" data-widget_type=\"text-editor.default\">\n\t\t\t\t\t\t\t\t\t<p>Der Kaufvertrag kommt mit FUTURTRON zustande<\/p>\t\t\t\t\t\t\t\t<\/div>\n\t\t\t\t<div class=\"elementor-element elementor-element-350f70c elementor-widget elementor-widget-text-editor\" data-id=\"350f70c\" data-element_type=\"widget\" data-e-type=\"widget\" data-widget_type=\"text-editor.default\">\n\t\t\t\t\t\t\t\t\t<p>Durch Einstellung der Produkte in den Online-Shop geben wir ein verbindliches Angebot zum Abschluss eines Vertrages \u00fcber diese Artikel ab. Sie k\u00f6nnen unsere Produkte zun\u00e4chst unverbindlich in den Warenkorb legen und Ihre Eingaben vor Absenden Ihrer verbindlichen Bestellung jederzeit korrigieren, indem Sie die hierf\u00fcr im Bestellablauf vorgesehenen und erl\u00e4uterten Korrekturhilfen nutzen. Der Vertrag kommt zustande, wenn Sie durch Anklicken des Bestellbuttons das Angebot \u00fcber die im Warenkorb enthaltenen Waren annehmen. Unmittelbar nach dem Absenden der Bestellung erhalten Sie eine weitere Best\u00e4tigung per E-Mail.<\/p>\t\t\t\t\t\t\t\t<\/div>\n\t\t\t\t<div class=\"elementor-element elementor-element-7fabf77 elementor-widget elementor-widget-heading\" data-id=\"7fabf77\" data-element_type=\"widget\" data-e-type=\"widget\" data-widget_type=\"heading.default\">\n\t\t\t\t\t<p class=\"elementor-heading-title elementor-size-default elementor-heading-title\">3. Vertragssprache, Speicherung des Vertragstextes<\/p>\t\t\t\t<\/div>\n\t\t\t\t<div class=\"elementor-element elementor-element-aed3f56 elementor-widget elementor-widget-text-editor\" data-id=\"aed3f56\" data-element_type=\"widget\" data-e-type=\"widget\" data-widget_type=\"text-editor.default\">\n\t\t\t\t\t\t\t\t\t<p>F\u00fcr den Vertragsschluss zur Verf\u00fcgung stehende Sprache(n): Franz\u00f6sisch<\/p>\t\t\t\t\t\t\t\t<\/div>\n\t\t\t\t<div class=\"elementor-element elementor-element-1b35764 elementor-widget elementor-widget-text-editor\" data-id=\"1b35764\" data-element_type=\"widget\" data-e-type=\"widget\" data-widget_type=\"text-editor.default\">\n\t\t\t\t\t\t\t\t\t<p>Wir speichern den Vertragstext und senden Ihnen die Bestelldaten und unsere Allgemeinen Gesch\u00e4ftsbedingungen in Textform zu. Aus Sicherheitsgr\u00fcnden ist der Vertragstext nicht mehr \u00fcber das Internet zug\u00e4nglich.<\/p>\t\t\t\t\t\t\t\t<\/div>\n\t\t\t\t<div class=\"elementor-element elementor-element-f877a04 elementor-widget elementor-widget-heading\" data-id=\"f877a04\" data-element_type=\"widget\" data-e-type=\"widget\" data-widget_type=\"heading.default\">\n\t\t\t\t\t<p class=\"elementor-heading-title elementor-size-default elementor-heading-title\">4. Droit de r\u00e9tractation<\/p>\t\t\t\t<\/div>\n\t\t\t\t<div class=\"elementor-element elementor-element-7611c26 elementor-widget elementor-widget-text-editor\" data-id=\"7611c26\" data-element_type=\"widget\" data-e-type=\"widget\" data-widget_type=\"text-editor.default\">\n\t\t\t\t\t\t\t\t\t<p>Sie haben das Recht, den Vertrag innerhalb einer Frist von vier Tagen ohne Angabe des Motivs zur\u00fcckzuziehen. Die Frist f\u00fcr die R\u00fccknahme betr\u00e4gt vier Tage nach Ablauf Ihres Tages oder einer von Ihnen bestimmten Stufe, da der Transporteur nicht in den Besitz der letzten Ware gelangt ist.<\/p>\t\t\t\t\t\t\t\t<\/div>\n\t\t\t\t<div class=\"elementor-element elementor-element-d090ed9 elementor-widget elementor-widget-text-editor\" data-id=\"d090ed9\" data-element_type=\"widget\" data-e-type=\"widget\" data-widget_type=\"text-editor.default\">\n\t\t\t\t\t\t\t\t\t<p>Die R\u00fccksendeadresse lautet:<\/p><p>4 Av. Spinoza, 77184 \u00c9merainville, Frankreich<\/p><p>Telefon: 06 02 29 27 17<\/p><p>E-Mail: info@futurtron.fr<\/p>\t\t\t\t\t\t\t\t<\/div>\n\t\t\t\t<div class=\"elementor-element elementor-element-acf6b02 elementor-widget elementor-widget-heading\" data-id=\"acf6b02\" data-element_type=\"widget\" data-e-type=\"widget\" data-widget_type=\"heading.default\">\n\t\t\t\t\t<p class=\"elementor-heading-title elementor-size-default elementor-heading-title\">5. Eigentumsvorbehalt<\/p>\t\t\t\t<\/div>\n\t\t\t\t<div class=\"elementor-element elementor-element-af57712 elementor-widget elementor-widget-text-editor\" data-id=\"af57712\" data-element_type=\"widget\" data-e-type=\"widget\" data-widget_type=\"text-editor.default\">\n\t\t\t\t\t\t\t\t\t<p>Die Ware bleibt bis zur vollst\u00e4ndigen Bezahlung unser Eigentum.<\/p>\t\t\t\t\t\t\t\t<\/div>\n\t\t\t\t\t<\/div>\n\t\t<\/div>\n\t\t\t\t\t<\/div>\n\t\t<\/section>\n\t\t\t\t<\/div>","protected":false},"excerpt":{"rendered":"<p>Conditions d&#8217;utilisation 1. Port\u00e9e Les termes et conditions suivants s&#8217;appliquent \u00e0 toutes les commandes via notre boutique en&#8230;<\/p>","protected":false},"author":1,"featured_media":0,"parent":0,"menu_order":0,"comment_status":"closed","ping_status":"closed","template":"elementor_header_footer","meta":{"footnotes":""},"class_list":["post-3268","page","type-page","status-publish","hentry"],"acf":[],"_links":{"self":[{"href":"https:\/\/futurtron.fr\/de\/wp-json\/wp\/v2\/pages\/3268","targetHints":{"allow":["GET"]}}],"collection":[{"href":"https:\/\/futurtron.fr\/de\/wp-json\/wp\/v2\/pages"}],"about":[{"href":"https:\/\/futurtron.fr\/de\/wp-json\/wp\/v2\/types\/page"}],"author":[{"embeddable":true,"href":"https:\/\/futurtron.fr\/de\/wp-json\/wp\/v2\/users\/1"}],"replies":[{"embeddable":true,"href":"https:\/\/futurtron.fr\/de\/wp-json\/wp\/v2\/comments?post=3268"}],"version-history":[{"count":25,"href":"https:\/\/futurtron.fr\/de\/wp-json\/wp\/v2\/pages\/3268\/revisions"}],"predecessor-version":[{"id":3298,"href":"https:\/\/futurtron.fr\/de\/wp-json\/wp\/v2\/pages\/3268\/revisions\/3298"}],"wp:attachment":[{"href":"https:\/\/futurtron.fr\/de\/wp-json\/wp\/v2\/media?parent=3268"}],"curies":[{"name":"wp","href":"https:\/\/api.w.org\/{rel}","templated":true}]}}