{"id":17,"date":"2024-01-24T03:28:23","date_gmt":"2024-01-24T03:28:23","guid":{"rendered":"https:\/\/futurtron.fr\/?page_id=17"},"modified":"2024-03-05T07:44:03","modified_gmt":"2024-03-05T07:44:03","slug":"a-propos","status":"publish","type":"page","link":"https:\/\/futurtron.fr\/de\/a-propos\/","title":{"rendered":"Um"},"content":{"rendered":"<div data-elementor-type=\"wp-page\" data-elementor-id=\"17\" class=\"elementor elementor-17\" data-elementor-post-type=\"page\">\n\t\t\t\t\t\t<section class=\"elementor-section elementor-top-section elementor-element elementor-element-3d360f9 elementor-section-full_width elementor-section-height-min-height elementor-section-height-default elementor-section-items-middle\" data-id=\"3d360f9\" data-element_type=\"section\" data-e-type=\"section\" data-settings=\"{&quot;background_background&quot;:&quot;classic&quot;}\">\n\t\t\t\t\t\t<div class=\"elementor-container elementor-column-gap-default\">\n\t\t\t\t\t<div class=\"elementor-column elementor-col-100 elementor-top-column elementor-element elementor-element-d26da4b\" data-id=\"d26da4b\" data-element_type=\"column\" data-e-type=\"column\">\n\t\t\t<div class=\"elementor-widget-wrap\">\n\t\t\t\t\t\t\t<\/div>\n\t\t<\/div>\n\t\t\t\t\t<\/div>\n\t\t<\/section>\n\t\t\t\t<section class=\"elementor-section elementor-top-section elementor-element elementor-element-e899c4b elementor-section-boxed elementor-section-height-default elementor-section-height-default\" data-id=\"e899c4b\" data-element_type=\"section\" data-e-type=\"section\">\n\t\t\t\t\t\t<div class=\"elementor-container elementor-column-gap-default\">\n\t\t\t\t\t<div class=\"elementor-column elementor-col-100 elementor-top-column elementor-element elementor-element-7bfbca7\" data-id=\"7bfbca7\" data-element_type=\"column\" data-e-type=\"column\">\n\t\t\t<div class=\"elementor-widget-wrap elementor-element-populated\">\n\t\t\t\t\t\t<div class=\"elementor-element elementor-element-c1e685e elementor-widget elementor-widget-heading\" data-id=\"c1e685e\" data-element_type=\"widget\" data-e-type=\"widget\" data-widget_type=\"heading.default\">\n\t\t\t\t\t<p class=\"elementor-heading-title elementor-size-default elementor-heading-title\">Die Marke Futurtron<\/p>\t\t\t\t<\/div>\n\t\t\t\t<div class=\"elementor-element elementor-element-e57b480 elementor-align-start elementor-icon-list--layout-traditional elementor-list-item-link-full_width elementor-widget elementor-widget-icon-list\" data-id=\"e57b480\" data-element_type=\"widget\" data-e-type=\"widget\" data-widget_type=\"icon-list.default\">\n\t\t\t\t\t\t\t<ul class=\"elementor-icon-list-items\">\n\t\t\t\t\t\t\t<li class=\"elementor-icon-list-item\">\n\t\t\t\t\t\t\t\t\t\t\t<a href=\"#\">\n\n\t\t\t\t\t\t\t\t\t\t\t<span class=\"elementor-icon-list-text\">Adresse: 60 Rue Fran\u00e7ois 1er, 75008 Paris<\/span>\n\t\t\t\t\t\t\t\t\t\t\t<\/a>\n\t\t\t\t\t\t\t\t\t<\/li>\n\t\t\t\t\t\t\t\t<li class=\"elementor-icon-list-item\">\n\t\t\t\t\t\t\t\t\t\t\t<a href=\"#\">\n\n\t\t\t\t\t\t\t\t\t\t\t<span class=\"elementor-icon-list-text\">Telefon: 0033602292717<\/span>\n\t\t\t\t\t\t\t\t\t\t\t<\/a>\n\t\t\t\t\t\t\t\t\t<\/li>\n\t\t\t\t\t\t\t\t<li class=\"elementor-icon-list-item\">\n\t\t\t\t\t\t\t\t\t\t\t<a href=\"mailto:info@futurtron.fr\">\n\n\t\t\t\t\t\t\t\t\t\t\t<span class=\"elementor-icon-list-text\">E-Mail: info@futurtron.fr<\/span>\n\t\t\t\t\t\t\t\t\t\t\t<\/a>\n\t\t\t\t\t\t\t\t\t<\/li>\n\t\t\t\t\t\t<\/ul>\n\t\t\t\t\t\t<\/div>\n\t\t\t\t<div class=\"elementor-element elementor-element-7cc7cdc elementor-widget elementor-widget-text-editor\" data-id=\"7cc7cdc\" data-element_type=\"widget\" data-e-type=\"widget\" data-widget_type=\"text-editor.default\">\n\t\t\t\t\t\t\t\t\t<p>Die Marke Futurtron wurde 2023 gegr\u00fcndet und strebt danach, ein sorgf\u00e4ltig ausgew\u00e4hlter H\u00e4ndler zu werden, der Europas profitabelste Wohnmobil- und andere gro\u00dfe mobile Stromversorgungen anbietet. Zu unseren Produkten geh\u00f6ren Wohnmobilbatterien und Zubeh\u00f6r, Solarenergiespeicherbatterien und gro\u00dfe tragbare Speicherbatterien. Alles bereitgestellt vom weltweit f\u00fchrenden Dienstleistungshersteller.<\/p>\t\t\t\t\t\t\t\t<\/div>\n\t\t\t\t<div class=\"elementor-element elementor-element-b0b65d6 elementor-widget elementor-widget-text-editor\" data-id=\"b0b65d6\" data-element_type=\"widget\" data-e-type=\"widget\" data-widget_type=\"text-editor.default\">\n\t\t\t\t\t\t\t\t\t<p>Wir sind Distributoren verwandter Ger\u00e4tehersteller in China sowie in den USA und Europa. Wir bieten die kosteng\u00fcnstigsten Batterieprodukte und qualitativ hochwertigen Tracking-Dienste in ganz Europa und bieten auch L\u00f6sungen f\u00fcr gro\u00dfe kommerzielle Lieferketten.<\/p>\t\t\t\t\t\t\t\t<\/div>\n\t\t\t\t\t<\/div>\n\t\t<\/div>\n\t\t\t\t\t<\/div>\n\t\t<\/section>\n\t\t\t\t<\/div>","protected":false},"excerpt":{"rendered":"<p>La marque Futurtron Adresse: 60 Rue Fran\u00e7ois 1er, 75008 Paris T\u00e9l\u00e9phone: 0033602292717 Email: info@futurtron.fr La marque Futurtron a&#8230;<\/p>","protected":false},"author":1,"featured_media":0,"parent":0,"menu_order":0,"comment_status":"closed","ping_status":"closed","template":"elementor_header_footer","meta":{"footnotes":""},"class_list":["post-17","page","type-page","status-publish","hentry"],"acf":[],"_links":{"self":[{"href":"https:\/\/futurtron.fr\/de\/wp-json\/wp\/v2\/pages\/17","targetHints":{"allow":["GET"]}}],"collection":[{"href":"https:\/\/futurtron.fr\/de\/wp-json\/wp\/v2\/pages"}],"about":[{"href":"https:\/\/futurtron.fr\/de\/wp-json\/wp\/v2\/types\/page"}],"author":[{"embeddable":true,"href":"https:\/\/futurtron.fr\/de\/wp-json\/wp\/v2\/users\/1"}],"replies":[{"embeddable":true,"href":"https:\/\/futurtron.fr\/de\/wp-json\/wp\/v2\/comments?post=17"}],"version-history":[{"count":40,"href":"https:\/\/futurtron.fr\/de\/wp-json\/wp\/v2\/pages\/17\/revisions"}],"predecessor-version":[{"id":3184,"href":"https:\/\/futurtron.fr\/de\/wp-json\/wp\/v2\/pages\/17\/revisions\/3184"}],"wp:attachment":[{"href":"https:\/\/futurtron.fr\/de\/wp-json\/wp\/v2\/media?parent=17"}],"curies":[{"name":"wp","href":"https:\/\/api.w.org\/{rel}","templated":true}]}}